{"id":346,"date":"2020-08-04T16:49:29","date_gmt":"2020-08-04T14:49:29","guid":{"rendered":"https:\/\/mystifying-jones.92-205-104-36.plesk.page\/?page_id=346"},"modified":"2020-08-04T16:54:47","modified_gmt":"2020-08-04T14:54:47","slug":"informacion-legal","status":"publish","type":"page","link":"https:\/\/mystifying-jones.92-205-104-36.plesk.page\/es\/informacion-legal\/","title":{"rendered":"Informaci\u00f3n legal"},"content":{"rendered":"<p>[et_pb_section fb_built=\u00bb1&#8243; module_class=\u00bbheaderbild\u00bb _builder_version=\u00bb4.5.2&#8243; _module_preset=\u00bbdefault\u00bb background_image=\u00bbhttps:\/\/mystifying-jones.92-205-104-36.plesk.page\/wp-content\/uploads\/2020\/08\/goehmann-impressum.jpg\u00bb][et_pb_row _builder_version=\u00bb4.5.2&#8243; _module_preset=\u00bbdefault\u00bb][et_pb_column type=\u00bb4_4&#8243; _builder_version=\u00bb4.5.2&#8243; _module_preset=\u00bbdefault\u00bb][et_pb_divider show_divider=\u00bboff\u00bb _builder_version=\u00bb4.5.2&#8243; _module_preset=\u00bbdefault\u00bb height=\u00bb150px\u00bb][\/et_pb_divider][et_pb_text _builder_version=\u00bb4.5.2&#8243; _module_preset=\u00bbdefault\u00bb]Excelentemente protegidos.<br \/>\nLas ideas se convierten en datos y los datos en valores \u2013 seguridad jur\u00eddica de 0 a 1[\/et_pb_text][et_pb_divider show_divider=\u00bboff\u00bb _builder_version=\u00bb4.5.2&#8243; _module_preset=\u00bbdefault\u00bb height=\u00bb50px\u00bb][\/et_pb_divider][\/et_pb_column][\/et_pb_row][\/et_pb_section][et_pb_section fb_built=\u00bb1&#8243; _builder_version=\u00bb4.5.2&#8243; _module_preset=\u00bbdefault\u00bb][et_pb_row _builder_version=\u00bb4.5.2&#8243; _module_preset=\u00bbdefault\u00bb][et_pb_column type=\u00bb4_4&#8243; _builder_version=\u00bb4.5.2&#8243; _module_preset=\u00bbdefault\u00bb][et_pb_text _builder_version=\u00bb4.5.2&#8243; _module_preset=\u00bbdefault\u00bb]<\/p>\n<div class=\"section\">\n<div class=\"uk-container uk-container-center\">\n<div>\n<div class=\"section\">\n<div class=\"uk-container uk-container-center\">\n<div>\n<h1>Informaci\u00f3n legal<\/h1>\n<div id=\"node-27\" class=\"node node-page clearfix\">\n<div class=\"field field-name-body field-type-text-with-summary field-label-hidden\">\n<div class=\"field-items\">\n<div class=\"field-item even\">\n<p>Nombre \/ Forma jur\u00eddica: G\u00f6hmann Rechtsanw\u00e4lte Abogados Advokat Steuerberater Partnerschaft mbB<br \/>\nSede y registro: Partnerschaftsregister Berl\u00edn, Juzgado Oficial de Charlottenburg PR 512 B<br \/>\nLista de los socios: <a href=\"https:\/\/www.goehmann.de\/es\/goehmann\/socios\">Socios<\/a><br \/>\nToma de contacto: <a href=\"https:\/\/www.goehmann.de\/es\/goehmann\/establecimientos\">Establecimientos<\/a><\/p>\n<p><strong>Abogados<\/strong><\/p>\n<p>Salvo indicaci\u00f3n en contrario, las abogadas y los abogados est\u00e1n autorizados para ejerce su profesi\u00f3n en la Rep\u00fablica Federal de Alemania y son miembros de las respectivos Colegios de Abogados de cada emplazamiento:<\/p>\n<p>Berl\u00edn: Colegio de Abogados de Berl\u00edn  <a href=\"http:\/\/www.rak-berlin.de\/site\/DE\/int\/01_aktuelles\/01_container-homepage.php\" target=\"_blank\" rel=\"noopener noreferrer\">(<\/a><a href=\"http:\/\/www.rak-berlin.de\/site\/DE\/int\/01_aktuelles\/01_container-homepage.php\" target=\"_blank\" rel=\"noopener noreferrer\">Rechtsanwaltskammer Berlin)<\/a><\/p>\n<p>Braunschweig: Colegio de Abogados de Braunschweig  <a href=\"http:\/\/www.rak-berlin.de\/site\/DE\/int\/01_aktuelles\/01_container-homepage.php\" target=\"_blank\" rel=\"noopener noreferrer\">(<\/a><a href=\"http:\/\/www.rak-braunschweig.de\/\" target=\"_blank\" rel=\"noopener noreferrer\">Rechtsanwaltskammer Braunschweig<\/a><a href=\"http:\/\/www.rak-berlin.de\/site\/DE\/int\/01_aktuelles\/01_container-homepage.php\" target=\"_blank\" rel=\"noopener noreferrer\">)<\/a><br \/>\nBrema: Colegio de Abogados de Brema  <a href=\"http:\/\/www.rak-berlin.de\/site\/DE\/int\/01_aktuelles\/01_container-homepage.php\" target=\"_blank\" rel=\"noopener noreferrer\">(<\/a><a href=\"http:\/\/www.rak-bremen.de\/\" target=\"_blank\" rel=\"noopener noreferrer\">Rechtsanwaltskammer Bremen<\/a><a href=\"http:\/\/www.rak-berlin.de\/site\/DE\/int\/01_aktuelles\/01_container-homepage.php\" target=\"_blank\" rel=\"noopener noreferrer\">)<\/a><br \/>\nFr\u00e1ncfort del Meno: Colegio de Abogados de Fr\u00e1ncfort del Meno  <a href=\"http:\/\/www.rak-berlin.de\/site\/DE\/int\/01_aktuelles\/01_container-homepage.php\" target=\"_blank\" rel=\"noopener noreferrer\">(<\/a><a href=\"http:\/\/www.rechtsanwaltskammer-ffm.de\/raka\/nmain\/index.html\" target=\"_blank\" rel=\"noopener noreferrer\">Rechtsanwaltskammer Frankfurt am Main<\/a><a href=\"http:\/\/www.rak-berlin.de\/site\/DE\/int\/01_aktuelles\/01_container-homepage.php\" target=\"_blank\" rel=\"noopener noreferrer\">)<\/a><br \/>\nHan\u00f3ver: Colegio de Abogados de Celle  <a href=\"http:\/\/www.rak-berlin.de\/site\/DE\/int\/01_aktuelles\/01_container-homepage.php\" target=\"_blank\" rel=\"noopener noreferrer\">(<\/a><a href=\"http:\/\/www.rakcelle.de\/\" target=\"_blank\" rel=\"noopener noreferrer\">Rechtsanwaltskammer Celle<\/a><a href=\"http:\/\/www.rak-berlin.de\/site\/DE\/int\/01_aktuelles\/01_container-homepage.php\" target=\"_blank\" rel=\"noopener noreferrer\">)<\/a><br \/>\nMagdeburgo : Colegio de Abogados del Estado Federado de Sajonia-Anhalt  <a href=\"http:\/\/www.rak-berlin.de\/site\/DE\/int\/01_aktuelles\/01_container-homepage.php\" target=\"_blank\" rel=\"noopener noreferrer\">(<\/a><a href=\"http:\/\/www.rak-sachsen-anhalt.de\/\" target=\"_blank\" rel=\"noopener noreferrer\">Rechtsanwaltskammer des Landes Sachsen-Anhalt<\/a><a href=\"http:\/\/www.rak-berlin.de\/site\/DE\/int\/01_aktuelles\/01_container-homepage.php\" target=\"_blank\" rel=\"noopener noreferrer\">)<\/a><\/p>\n<p>El abogado Oliver Wiethaus est\u00e1 autorizado para ejercer en la Rep\u00fablica Federal de Alemania y pertenece al Colegio de Abogados de Oldenburgo <a href=\"http:\/\/www.rak-berlin.de\/site\/DE\/int\/01_aktuelles\/01_container-homepage.php\" target=\"_blank\" rel=\"noopener noreferrer\">(<\/a><a href=\"http:\/\/www.rak-oldenburg.de\/cms\/\" target=\"_blank\" rel=\"noopener noreferrer\">Rechtsanwaltkammer Oldenburg<\/a><a href=\"http:\/\/www.rak-berlin.de\/site\/DE\/int\/01_aktuelles\/01_container-homepage.php\" target=\"_blank\" rel=\"noopener noreferrer\">)<\/a>. El abogado Marcel Gentner est\u00e1 autorizado para ejercer en la Rep\u00fablica Federal de Alemania y pertenece al Colegio de Abogados de Stuttgart <a href=\"http:\/\/www.rak-berlin.de\/site\/DE\/int\/01_aktuelles\/01_container-homepage.php\" target=\"_blank\" rel=\"noopener noreferrer\">(<\/a><a href=\"http:\/\/www.rak-stuttgart.de\/\" target=\"_blank\" rel=\"noopener noreferrer\">Rechtsanwaltkammer Stuttgart<\/a><a href=\"http:\/\/www.rak-berlin.de\/site\/DE\/int\/01_aktuelles\/01_container-homepage.php\" target=\"_blank\" rel=\"noopener noreferrer\">)<\/a>.<\/p>\n<p>Las normas profesionales para los abogados y, en particular, la \u201cBundesrechtsanwaltsordnung\u201d (Regulaci\u00f3n Federal de la Profesi\u00f3n de la Abogac\u00eda), el \u201cBerufsordnung\u201d (Reglamento Profesional), el \u201cFachanwaltsordnung\u201d (Reglamento de Abogados Especializados), la \u201cRechtsanwaltsverg\u00fctungsgesetz\u201d (Ley federal de honorarios para abogados), y las reglas profesionales de los abogados de la Uni\u00f3n Europea pueden encontrarse en <a href=\"http:\/\/www.brak.de\/\">www.brak.de<\/a> en la r\u00fabrica \u00abBerufsrecht\u00bb (Derecho profesional).<\/p>\n<p>El abogado Lluis P\u00e9rez-Sala est\u00e1 autorizado para ejercer en Espa\u00f1a y es Socio del Colegio de Abogados de Barcelona. El abogado Oliver Wiethaus est\u00e1 asimismo autorizado para ejercer en ese pa\u00eds. Las regulaciones profesionales relevantes se pueden llamar en <a href=\"http:\/\/www.icab.es\/\">www.icab.es<\/a> en la r\u00fabrica \u00abNormativa\u00bb.<\/p>\n<p>El abogado Dr. Maximilian Schunke est\u00e1 tambi\u00e9n autorizado para ejercer en Suecia y es miembro de la Sveriges advokatsamfy. Las regulaciones deontol\u00f3gicas pertinentes las puede llamar bajo <a href=\"https:\/\/www.advokatsamfyet.se\/templates\/CommonPage.aspx?id=6703\">http:\/\/www.advokatsamfyet.se\/templates\/CommonPage.aspx?id=6703<\/a>.<\/p>\n<p><strong>Notarios<\/strong><\/p>\n<p>En la medida en que los abogados son al mismo tiempo notarios, est\u00e1n autorizados en la Rep\u00fablica Federal de Alemania y pertenecen a los Colegios de Notarios del respectivo emplazamiento. La autoridad de vigilancia de los notarios es el respectivo Presidente de la Audiencia Regional en el lugar en el que el interesado notario haya sido autorizado. Las direcciones de los respectivos Colegios y Autoridades de vigilancia puede encontrarlas en los siguientes enlaces:<\/p>\n<p>Berl\u00edn : Colegio de notarios de Berl\u00edn \u2013 Presidente del Tribunal Regional de Berl\u00edn  <a href=\"http:\/\/www.rak-berlin.de\/site\/DE\/int\/01_aktuelles\/01_container-homepage.php\" target=\"_blank\" rel=\"noopener noreferrer\">(<\/a><a href=\"http:\/\/www.notarkammer-berlin.de\/\" target=\"_blank\" rel=\"noopener noreferrer\">Notarkammer Berlin<\/a> \u2013 <a href=\"http:\/\/www.berlin.de\/sen\/justiz\/gerichte\/landgericht\/praesident\/organigramm\/\" target=\"_blank\" rel=\"noopener noreferrer\">Pr\u00e4sident des Landgerichts Berlin<\/a><a href=\"http:\/\/www.rak-berlin.de\/site\/DE\/int\/01_aktuelles\/01_container-homepage.php\" target=\"_blank\" rel=\"noopener noreferrer\">)<\/a><br \/>\nBraunschweig: Colegio de notarios de Braunschweig \u2013 Presidente del Tribunal Regional de Braunschweig <a href=\"http:\/\/www.rak-berlin.de\/site\/DE\/int\/01_aktuelles\/01_container-homepage.php\" target=\"_blank\" rel=\"noopener noreferrer\">(<\/a><a href=\"http:\/\/www.anwaltsnotarkammern.de\/braunschweig-_64.html\" target=\"_blank\" rel=\"noopener noreferrer\">Notarkammer Braunschweig<\/a> \u2013 <a href=\"http:\/\/www.landgericht-braunschweig.niedersachsen.de\/portal\/live.php?navigation_id=18093&amp;article_id=68901&amp;_psmand=132\" target=\"_blank\" rel=\"noopener noreferrer\">Pr\u00e4sident des Landgerichts Braunschweig<\/a><a href=\"http:\/\/www.rak-berlin.de\/site\/DE\/int\/01_aktuelles\/01_container-homepage.php\" target=\"_blank\" rel=\"noopener noreferrer\">)<\/a><br \/>\nBrema: Colegio de notarios de Brema \u2013 Presidente del Tribunal Regional de Brema <a href=\"http:\/\/www.rak-berlin.de\/site\/DE\/int\/01_aktuelles\/01_container-homepage.php\" target=\"_blank\" rel=\"noopener noreferrer\">(<\/a><a href=\"http:\/\/www.anwaltsnotariat.net\/bremen-_65.html\" target=\"_blank\" rel=\"noopener noreferrer\">Bremer Notarkammer<\/a> \u2013 <a href=\"http:\/\/www.landgericht.bremen.de\/sixcms\/detail.php?gsid=bremen02.c.730.de\" target=\"_blank\" rel=\"noopener noreferrer\">Pr\u00e4sident des Landgerichts Bremen<\/a><a href=\"http:\/\/www.rak-berlin.de\/site\/DE\/int\/01_aktuelles\/01_container-homepage.php\" target=\"_blank\" rel=\"noopener noreferrer\">)<\/a><br \/>\nFr\u00e1ncfort del Meno: Colegio de notarios de Fr\u00e1ncfort del Meno \u2013 Presidente del Tribunal Regional de Fr\u00e1ncfort del Meno <a href=\"http:\/\/www.rak-berlin.de\/site\/DE\/int\/01_aktuelles\/01_container-homepage.php\" target=\"_blank\" rel=\"noopener noreferrer\">(<\/a><a href=\"http:\/\/www.notarkammer-frankfurt.de\/\" target=\"_blank\" rel=\"noopener noreferrer\">Notarkammer Frankfurt am Main<\/a> \u2013 <a href=\"http:\/\/www.lg-frankfurt.justiz.hessen.de\/irj\/LG_Frankfurt_Internet?cid=67694da559c77fa3dc297104a663e078\" target=\"_blank\" rel=\"noopener noreferrer\">Pr\u00e4sident des Landgerichts Frankfurt am Main<\/a><a href=\"http:\/\/www.rak-berlin.de\/site\/DE\/int\/01_aktuelles\/01_container-homepage.php\" target=\"_blank\" rel=\"noopener noreferrer\">)<\/a><br \/>\nHan\u00f3ver: Colegio de notarios de Celle \u2013 Presidente del Tribunal Regional de Han\u00f3ver <a href=\"http:\/\/www.rak-berlin.de\/site\/DE\/int\/01_aktuelles\/01_container-homepage.php\" target=\"_blank\" rel=\"noopener noreferrer\">(<\/a><a href=\"http:\/\/www.notarkammer-celle.de\/\" target=\"_blank\" rel=\"noopener noreferrer\">Notarkammer Celle<\/a> \u2013 <a href=\"http:\/\/www.landgericht-hannover.niedersachsen.de\/portal\/live.php?navigation_id=13928&amp;_psmand=58\" target=\"_blank\" rel=\"noopener noreferrer\">Pr\u00e4sident des Landgerichts Hannover<\/a><a href=\"http:\/\/www.rak-berlin.de\/site\/DE\/int\/01_aktuelles\/01_container-homepage.php\" target=\"_blank\" rel=\"noopener noreferrer\">)<\/a><\/p>\n<p>Las regulaciones profesionales de los notarios (\u00abBundesnotarordnung\u201d, Regulaci\u00f3n Federal de la Profesi\u00f3n de Notario\u201d; \u201cBeurkundungsgesetz\u201d, Ley de Documentaci\u00f3n; \u201cDienstordnung f\u00fcr Notarinnen und Notare\u201d, regulaci\u00f3n de servicio para notarias y notarios; \u201cGerichts- und Notarkostengesetz\u201d, la Ordenanza de Costas; las directrices de los respectivos Colegios de notarios competentes y el C\u00f3digo Europeo del Derecho estatutario de los notarios los puede encontrar en <a href=\"http:\/\/www.bnotk.de\/\" target=\"_blank\" rel=\"noopener noreferrer\">www.bnotk.de<\/a> en la <a href=\"http:\/\/www.bnotk.de\/Notar\/Berufsrecht\/index.php\" target=\"_blank\" rel=\"noopener noreferrer\">\u00abBerufsrecht\u00bb<\/a> (Derecho profesional).<\/p>\n<p>El abogado y asesor fiscal Dr. Florian Hartl, Han\u00f3ver, es socio de la C\u00e1mara de Asesores Fiscales de Baja Sajonia <a href=\"http:\/\/www.rak-berlin.de\/site\/DE\/int\/01_aktuelles\/01_container-homepage.php\" target=\"_blank\" rel=\"noopener noreferrer\">(<\/a><a href=\"http:\/\/www.stbk-niedersachsen.de\/\" target=\"_blank\" rel=\"noopener noreferrer\">Steuerberaterkammer Niedersachsen<\/a><a href=\"http:\/\/www.rak-berlin.de\/site\/DE\/int\/01_aktuelles\/01_container-homepage.php\" target=\"_blank\" rel=\"noopener noreferrer\">)<\/a>. Las regulaciones profesionales pertinentes para los asesores fiscales, especialmente la \u201cSteuerberatungsgesetz\u201d (Ley de Asesoramiento Fiscal), el \u201cDurchf\u00fchrungsverordnung zum Steuerberatungsgesetz\u201d (Reglamento para la ejecuci\u00f3n de la Ley de asesores fiscales), el \u201cBerufsordnung der Bundessteuerberaterkammer\u201d (Reglamento profesional de las c\u00e1maras de asesores fiscales) y la \u201cSteuerberatergeb\u00fchrenverordnung\u201d (Ordenanza de honorarios de asesores fiscales) las puede encontrar bajo <a href=\"http:\/\/www.bstbk.de\/de\/index.html\" target=\"_blank\" rel=\"noopener noreferrer\">www.bstbk.de<\/a> en la r\u00fabrica <a href=\"http:\/\/www.bnotk.de\/Notar\/Berufsrecht\/index.php\" target=\"_blank\" rel=\"noopener noreferrer\">\u201eBerufsrecht\u201c<\/a> (Derecho profesional) .<\/p>\n<p><strong>Seguro de responsabilidad profesional<\/strong><\/p>\n<p>ERGO Versicherung AG , Arnswaldstr. 12-14, 30159 Han\u00f3ver<br \/>\n\u00c1mbito espacial de validez: todo el mundo<\/p>\n<p><strong>N\u00b0 de identificaci\u00f3n fiscal:<\/strong><\/p>\n<p>DE114890374<\/p>\n<p class=\"p1\"><span class=\"s1\"><strong>Informaciones seg\u00fan \u00a7 36 Verbraucherstreitbeilegungsgesetz (VSBG)<\/strong><\/span><\/p>\n<p class=\"p1\"><span class=\"s1\">El competente organismo de conciliaci\u00f3n en materia de consumidores resultando de un mandato es la <a href=\"http:\/\/www.schlichtungsstelle-der-rechtsanwaltschaft.de\/\" target=\"_blank\" rel=\"noopener noreferrer\">Schlichtungsstelle der Rechtsanwaltschaft<\/a>, Neue Gr\u00fcnstra\u00dfe 17, 10179 Berlin. Sin embargo, los abogados no est\u00e1n obligados a participar en procedimientos de conciliaci\u00f3n ante un organismo de conciliaci\u00f3n en materia de consumidores. G\u00f6hmann Rechtsanw\u00e4lte Abogados Advokat Steuerberater Partnerschaft mbB no participa en procedimientos de conciliaci\u00f3n ante un organismo de conciliaci\u00f3n en materia de consumidores, especialmente la Schlichtungsstelle der Rechtsanwaltschaft.<\/span><\/p>\n<p><strong>Informaciones seg\u00fan el Reglamento Europeo sobre la resoluci\u00f3n de litigios en l\u00ednea en materia de consumo (ODR)<\/strong><\/p>\n<p>Plataforma de la Uni\u00f3n Europea sobre la resoluci\u00f3n de litigios en l\u00ednea no judicial: <a href=\"http:\/\/ec.europa.eu\/consumers\/odr\/\" target=\"_blank\" rel=\"noopener noreferrer\">http:\/\/ec.europa.eu\/consumers\/odr\/ <\/a><\/p>\n<p>Pueden contactarnos por mail bajo <a href=\"https:\/\/www.goehmann.de\/es\/goehmann\/establecimientos\">Establecimientos<\/a>.<\/p>\n<\/div>\n<\/div>\n<\/div>\n<\/div>\n<\/div>\n<div class=\"uk-grid\">\n<div class=\"uk-width-1-1\"><\/div>\n<\/div>\n<\/div>\n<\/div>\n<div id=\"footer\">\n<div class=\"uk-container uk-container-center uk-margin-large-top uk-margin-large-bottom\">\n<div class=\"uk-grid\" data-uk-grid-margin=\"\">\n<div class=\"uk-width-1-1 uk-row-first\"><\/div>\n<\/div>\n<\/div>\n<\/div>\n<\/div>\n<\/div>\n<\/div>\n<p>[\/et_pb_text][\/et_pb_column][\/et_pb_row][\/et_pb_section]<\/p>\n","protected":false},"excerpt":{"rendered":"<p>Excelentemente protegidos. Las ideas se convierten en datos y los datos en valores \u2013 seguridad jur\u00eddica de 0 a 1 Informaci\u00f3n legal Nombre \/ Forma jur\u00eddica: G\u00f6hmann Rechtsanw\u00e4lte Abogados Advokat Steuerberater Partnerschaft mbB Sede y registro: Partnerschaftsregister Berl\u00edn, Juzgado Oficial de Charlottenburg PR 512 B Lista de los socios: Socios Toma de contacto: Establecimientos Abogados [&hellip;]<\/p>\n","protected":false},"author":1,"featured_media":0,"parent":0,"menu_order":0,"comment_status":"closed","ping_status":"closed","template":"","meta":{"_et_pb_use_builder":"on","_et_pb_old_content":"","_et_gb_content_width":""},"yoast_head":"<!-- This site is optimized with the Yoast SEO plugin v18.0 - https:\/\/yoast.com\/wordpress\/plugins\/seo\/ -->\n<title>Informaci\u00f3n legal - G\u00f6hmann<\/title>\n<meta name=\"robots\" content=\"noindex, follow, max-snippet:-1, max-image-preview:large, max-video-preview:-1\" \/>\n<meta property=\"og:locale\" content=\"es_ES\" \/>\n<meta property=\"og:type\" content=\"article\" \/>\n<meta property=\"og:title\" content=\"Informaci\u00f3n legal - G\u00f6hmann\" \/>\n<meta property=\"og:description\" content=\"Excelentemente protegidos. Las ideas se convierten en datos y los datos en valores \u2013 seguridad jur\u00eddica de 0 a 1 Informaci\u00f3n legal Nombre \/ Forma jur\u00eddica: G\u00f6hmann Rechtsanw\u00e4lte Abogados Advokat Steuerberater Partnerschaft mbB Sede y registro: Partnerschaftsregister Berl\u00edn, Juzgado Oficial de Charlottenburg PR 512 B Lista de los socios: Socios Toma de contacto: Establecimientos Abogados [&hellip;]\" \/>\n<meta property=\"og:url\" content=\"https:\/\/mystifying-jones.92-205-104-36.plesk.page\/es\/informacion-legal\/\" \/>\n<meta property=\"og:site_name\" content=\"G\u00f6hmann\" \/>\n<meta property=\"article:modified_time\" content=\"2020-08-04T14:54:47+00:00\" \/>\n<meta name=\"twitter:card\" content=\"summary_large_image\" \/>\n<meta name=\"twitter:label1\" content=\"Tiempo de lectura\" \/>\n\t<meta name=\"twitter:data1\" content=\"5 minutos\" \/>\n<script type=\"application\/ld+json\" class=\"yoast-schema-graph\">{\"@context\":\"https:\/\/schema.org\",\"@graph\":[{\"@type\":\"WebSite\",\"@id\":\"https:\/\/mystifying-jones.92-205-104-36.plesk.page\/#website\",\"url\":\"https:\/\/mystifying-jones.92-205-104-36.plesk.page\/\",\"name\":\"G\u00f6hmann\",\"description\":\"Just another WordPress site\",\"potentialAction\":[{\"@type\":\"SearchAction\",\"target\":{\"@type\":\"EntryPoint\",\"urlTemplate\":\"https:\/\/mystifying-jones.92-205-104-36.plesk.page\/?s={search_term_string}\"},\"query-input\":\"required name=search_term_string\"}],\"inLanguage\":\"es\"},{\"@type\":\"WebPage\",\"@id\":\"https:\/\/mystifying-jones.92-205-104-36.plesk.page\/es\/informacion-legal\/#webpage\",\"url\":\"https:\/\/mystifying-jones.92-205-104-36.plesk.page\/es\/informacion-legal\/\",\"name\":\"Informaci\u00f3n legal - G\u00f6hmann\",\"isPartOf\":{\"@id\":\"https:\/\/mystifying-jones.92-205-104-36.plesk.page\/#website\"},\"datePublished\":\"2020-08-04T14:49:29+00:00\",\"dateModified\":\"2020-08-04T14:54:47+00:00\",\"breadcrumb\":{\"@id\":\"https:\/\/mystifying-jones.92-205-104-36.plesk.page\/es\/informacion-legal\/#breadcrumb\"},\"inLanguage\":\"es\",\"potentialAction\":[{\"@type\":\"ReadAction\",\"target\":[\"https:\/\/mystifying-jones.92-205-104-36.plesk.page\/es\/informacion-legal\/\"]}]},{\"@type\":\"BreadcrumbList\",\"@id\":\"https:\/\/mystifying-jones.92-205-104-36.plesk.page\/es\/informacion-legal\/#breadcrumb\",\"itemListElement\":[{\"@type\":\"ListItem\",\"position\":1,\"name\":\"Startseite\",\"item\":\"https:\/\/mystifying-jones.92-205-104-36.plesk.page\/es\/\"},{\"@type\":\"ListItem\",\"position\":2,\"name\":\"Informaci\u00f3n legal\"}]}]}<\/script>\n<!-- \/ Yoast SEO plugin. -->","yoast_head_json":{"title":"Informaci\u00f3n legal - G\u00f6hmann","robots":{"index":"noindex","follow":"follow","max-snippet":"max-snippet:-1","max-image-preview":"max-image-preview:large","max-video-preview":"max-video-preview:-1"},"og_locale":"es_ES","og_type":"article","og_title":"Informaci\u00f3n legal - G\u00f6hmann","og_description":"Excelentemente protegidos. Las ideas se convierten en datos y los datos en valores \u2013 seguridad jur\u00eddica de 0 a 1 Informaci\u00f3n legal Nombre \/ Forma jur\u00eddica: G\u00f6hmann Rechtsanw\u00e4lte Abogados Advokat Steuerberater Partnerschaft mbB Sede y registro: Partnerschaftsregister Berl\u00edn, Juzgado Oficial de Charlottenburg PR 512 B Lista de los socios: Socios Toma de contacto: Establecimientos Abogados [&hellip;]","og_url":"https:\/\/mystifying-jones.92-205-104-36.plesk.page\/es\/informacion-legal\/","og_site_name":"G\u00f6hmann","article_modified_time":"2020-08-04T14:54:47+00:00","twitter_card":"summary_large_image","twitter_misc":{"Tiempo de lectura":"5 minutos"},"schema":{"@context":"https:\/\/schema.org","@graph":[{"@type":"WebSite","@id":"https:\/\/mystifying-jones.92-205-104-36.plesk.page\/#website","url":"https:\/\/mystifying-jones.92-205-104-36.plesk.page\/","name":"G\u00f6hmann","description":"Just another WordPress site","potentialAction":[{"@type":"SearchAction","target":{"@type":"EntryPoint","urlTemplate":"https:\/\/mystifying-jones.92-205-104-36.plesk.page\/?s={search_term_string}"},"query-input":"required name=search_term_string"}],"inLanguage":"es"},{"@type":"WebPage","@id":"https:\/\/mystifying-jones.92-205-104-36.plesk.page\/es\/informacion-legal\/#webpage","url":"https:\/\/mystifying-jones.92-205-104-36.plesk.page\/es\/informacion-legal\/","name":"Informaci\u00f3n legal - G\u00f6hmann","isPartOf":{"@id":"https:\/\/mystifying-jones.92-205-104-36.plesk.page\/#website"},"datePublished":"2020-08-04T14:49:29+00:00","dateModified":"2020-08-04T14:54:47+00:00","breadcrumb":{"@id":"https:\/\/mystifying-jones.92-205-104-36.plesk.page\/es\/informacion-legal\/#breadcrumb"},"inLanguage":"es","potentialAction":[{"@type":"ReadAction","target":["https:\/\/mystifying-jones.92-205-104-36.plesk.page\/es\/informacion-legal\/"]}]},{"@type":"BreadcrumbList","@id":"https:\/\/mystifying-jones.92-205-104-36.plesk.page\/es\/informacion-legal\/#breadcrumb","itemListElement":[{"@type":"ListItem","position":1,"name":"Startseite","item":"https:\/\/mystifying-jones.92-205-104-36.plesk.page\/es\/"},{"@type":"ListItem","position":2,"name":"Informaci\u00f3n legal"}]}]}},"_links":{"self":[{"href":"https:\/\/mystifying-jones.92-205-104-36.plesk.page\/es\/wp-json\/wp\/v2\/pages\/346"}],"collection":[{"href":"https:\/\/mystifying-jones.92-205-104-36.plesk.page\/es\/wp-json\/wp\/v2\/pages"}],"about":[{"href":"https:\/\/mystifying-jones.92-205-104-36.plesk.page\/es\/wp-json\/wp\/v2\/types\/page"}],"author":[{"embeddable":true,"href":"https:\/\/mystifying-jones.92-205-104-36.plesk.page\/es\/wp-json\/wp\/v2\/users\/1"}],"replies":[{"embeddable":true,"href":"https:\/\/mystifying-jones.92-205-104-36.plesk.page\/es\/wp-json\/wp\/v2\/comments?post=346"}],"version-history":[{"count":7,"href":"https:\/\/mystifying-jones.92-205-104-36.plesk.page\/es\/wp-json\/wp\/v2\/pages\/346\/revisions"}],"predecessor-version":[{"id":363,"href":"https:\/\/mystifying-jones.92-205-104-36.plesk.page\/es\/wp-json\/wp\/v2\/pages\/346\/revisions\/363"}],"wp:attachment":[{"href":"https:\/\/mystifying-jones.92-205-104-36.plesk.page\/es\/wp-json\/wp\/v2\/media?parent=346"}],"curies":[{"name":"wp","href":"https:\/\/api.w.org\/{rel}","templated":true}]}}