{"id":219,"date":"2020-08-04T14:48:56","date_gmt":"2020-08-04T12:48:56","guid":{"rendered":"https:\/\/mystifying-jones.92-205-104-36.plesk.page\/notare\/"},"modified":"2020-09-18T11:58:26","modified_gmt":"2020-09-18T09:58:26","slug":"notarios","status":"publish","type":"page","link":"https:\/\/mystifying-jones.92-205-104-36.plesk.page\/es\/notarios\/","title":{"rendered":"Notarios"},"content":{"rendered":"<p>[et_pb_section fb_built=\u00bb1&#8243; admin_label=\u00bbSektion\u00bb module_class=\u00bbheaderbild\u00bb _builder_version=\u00bb4.5.2&#8243; _module_preset=\u00bbdefault\u00bb background_image=\u00bbhttps:\/\/mystifying-jones.92-205-104-36.plesk.page\/wp-content\/uploads\/2020\/08\/goehmann-notare.jpg\u00bb][et_pb_row _builder_version=\u00bb4.5.2&#8243; _module_preset=\u00bbdefault\u00bb][et_pb_column type=\u00bb4_4&#8243; _builder_version=\u00bb4.5.2&#8243; _module_preset=\u00bbdefault\u00bb][et_pb_divider show_divider=\u00bboff\u00bb _builder_version=\u00bb4.5.2&#8243; _module_preset=\u00bbdefault\u00bb height=\u00bb150px\u00bb][\/et_pb_divider][et_pb_text admin_label=\u00bbText\u00bb _builder_version=\u00bb4.5.2&#8243; _module_preset=\u00bbdefault\u00bb]Dicho y Hecho.<\/p>\n<p>Asistencia notarial para juntas generales \u2013 La experiencia vale la pena.[\/et_pb_text][et_pb_divider show_divider=\u00bboff\u00bb _builder_version=\u00bb4.5.2&#8243; _module_preset=\u00bbdefault\u00bb height=\u00bb50px\u00bb][\/et_pb_divider][\/et_pb_column][\/et_pb_row][\/et_pb_section][et_pb_section fb_built=\u00bb1&#8243; _builder_version=\u00bb4.5.2&#8243; _module_preset=\u00bbdefault\u00bb][et_pb_row _builder_version=\u00bb4.5.2&#8243; _module_preset=\u00bbdefault\u00bb][et_pb_column type=\u00bb4_4&#8243; _builder_version=\u00bb4.5.2&#8243; _module_preset=\u00bbdefault\u00bb][et_pb_text _builder_version=\u00bb4.5.2&#8243; _module_preset=\u00bbdefault\u00bb]<\/p>\n<h1>Mandatos exigentes. Soluciones eficaces.<\/h1>\n<p>Con un total de 20 notarios en cuatro emplazamientos en la Rep\u00fablica Federal podemos hacernos cargo de los deseos de nuestros clientes de forma flexible y r\u00e1pida. Junto a la cl\u00e1sica certificaci\u00f3n de contratos de compraventa y de creaci\u00f3n de empresas, estamos preparados para asistir en complejos mandatos. As\u00ed, entre nuestros clientes se encuentra toda una serie de sociedades cotizadas en bolsa, a quienes asistimos en complicadas transacciones, reestructuraciones y asambleas generales.<\/p>\n<p><strong>Del borrador al documento final. G\u00f6hmann.<\/strong>[\/et_pb_text][\/et_pb_column][\/et_pb_row][et_pb_row _builder_version=\u00bb4.5.2&#8243; _module_preset=\u00bbdefault\u00bb][et_pb_column type=\u00bb4_4&#8243; _builder_version=\u00bb4.5.2&#8243; _module_preset=\u00bbdefault\u00bb][et_pb_text _builder_version=\u00bb4.5.2&#8243; _module_preset=\u00bbdefault\u00bb]<div class=\"anwalt-list\"><div class=\"item\"><a href=\"https:\/\/mystifying-jones.92-205-104-36.plesk.page\/es\/abogados\/dirk-beddies\/\"><img src=\"https:\/\/mystifying-jones.92-205-104-36.plesk.page\/wp-content\/uploads\/2020\/08\/beddies_thumb-1.jpg\" alt=\"G\u00f6hmann Anwalt Dirk Beddies\" class=\"anwalt-full img\"><p class=\"name\">Dr. Dirk Beddies (Partner)<\/p><\/a><\/div><div class=\"item\"><a href=\"https:\/\/mystifying-jones.92-205-104-36.plesk.page\/es\/abogados\/stephan-boese\/\"><img src=\"https:\/\/mystifying-jones.92-205-104-36.plesk.page\/wp-content\/uploads\/2020\/08\/boese-s-023355-bs-thumb-1.jpg\" alt=\"G\u00f6hmann Anwalt Stephan Boese\" class=\"anwalt-full img\"><p class=\"name\">Dr. Stephan Boese LL.M. (Partner)<\/p><\/a><\/div><div class=\"item\"><a href=\"https:\/\/mystifying-jones.92-205-104-36.plesk.page\/es\/abogados\/ralph-graef\/\"><img src=\"https:\/\/mystifying-jones.92-205-104-36.plesk.page\/wp-content\/uploads\/2020\/08\/graef-r-022918-bs-thumb-1.jpg\" alt=\"G\u00f6hmann Anwalt Ralph  Graef\" class=\"anwalt-full img\"><p class=\"name\">Ralph  Graef (Partner)<\/p><\/a><\/div><div class=\"item\"><a href=\"https:\/\/mystifying-jones.92-205-104-36.plesk.page\/es\/abogados\/johannes-waitz\/\"><img src=\"https:\/\/mystifying-jones.92-205-104-36.plesk.page\/wp-content\/uploads\/2020\/08\/waitz-Jj-023008-bs-thumb-1.jpg\" alt=\"G\u00f6hmann Anwalt Johannes  Waitz\" class=\"anwalt-full img\"><p class=\"name\">Dr. Johannes  Waitz LL.M. (Partner)<\/p><\/a><\/div><div class=\"item\"><a href=\"https:\/\/mystifying-jones.92-205-104-36.plesk.page\/es\/abogados\/hilke-voelker\/\"><img src=\"https:\/\/mystifying-jones.92-205-104-36.plesk.page\/wp-content\/uploads\/2020\/08\/voelker-h-1090-h-thumb-1.jpg\" alt=\"G\u00f6hmann Anwalt Hilke  V\u00f6lker\" class=\"anwalt-full img\"><p class=\"name\">Dr. Hilke  V\u00f6lker (Partnerin)<\/p><\/a><\/div><div class=\"item\"><a href=\"https:\/\/mystifying-jones.92-205-104-36.plesk.page\/es\/abogados\/joachim-vogel\/\"><img src=\"https:\/\/mystifying-jones.92-205-104-36.plesk.page\/wp-content\/uploads\/2020\/08\/vogel-j-1204-h-thumb-1.jpg\" alt=\"G\u00f6hmann Anwalt  Joachim  Vogel\" class=\"anwalt-full img\"><p class=\"name\"> Joachim  Vogel (Partner)<\/p><\/a><\/div><div class=\"item\"><a href=\"https:\/\/mystifying-jones.92-205-104-36.plesk.page\/es\/abogados\/reinhard-siesenop\/\"><img src=\"https:\/\/mystifying-jones.92-205-104-36.plesk.page\/wp-content\/uploads\/2020\/08\/siesenop-r-6507-hb-thumb-1.jpg\" alt=\"G\u00f6hmann Anwalt Reinhard  Siesenop\" class=\"anwalt-full img\"><p class=\"name\">Reinhard  Siesenop LL.M. (Partner)<\/p><\/a><\/div><div class=\"item\"><a href=\"https:\/\/mystifying-jones.92-205-104-36.plesk.page\/es\/abogados\/gregor-segner\/\"><img src=\"https:\/\/mystifying-jones.92-205-104-36.plesk.page\/wp-content\/uploads\/2020\/08\/segner-g-8859-ffm-thumb-1.jpg\" alt=\"G\u00f6hmann Anwalt  Gregor  Segner\" class=\"anwalt-full img\"><p class=\"name\"> Gregor  Segner (Partner)<\/p><\/a><\/div><div class=\"item\"><a href=\"https:\/\/mystifying-jones.92-205-104-36.plesk.page\/es\/abogados\/sebastian-scherrer\/\"><img src=\"https:\/\/mystifying-jones.92-205-104-36.plesk.page\/wp-content\/uploads\/2020\/08\/scherrer-s-1636-h-thumb-1.jpg\" alt=\"G\u00f6hmann Anwalt Sebastian  Scherrer\" class=\"anwalt-full img\"><p class=\"name\">Dr. Sebastian  Scherrer (Partner)<\/p><\/a><\/div><div class=\"item\"><a href=\"https:\/\/mystifying-jones.92-205-104-36.plesk.page\/es\/abogados\/martin-notthoff\/\"><img src=\"https:\/\/mystifying-jones.92-205-104-36.plesk.page\/wp-content\/uploads\/2020\/08\/notthoff-m-prof-dr-0829-h-thumb-1-1.jpg\" alt=\"G\u00f6hmann Anwalt Martin Notthoff\" class=\"anwalt-full img\"><p class=\"name\">Prof. Dr. Martin Notthoff (Partner)<\/p><\/a><\/div><div class=\"item\"><a href=\"https:\/\/mystifying-jones.92-205-104-36.plesk.page\/es\/abogados\/axel-mueller-eising\/\"><img src=\"https:\/\/mystifying-jones.92-205-104-36.plesk.page\/wp-content\/uploads\/2020\/08\/mueller-eising-0870-h-thumb-1.jpg\" alt=\"G\u00f6hmann Anwalt Axel M\u00fcller-Eising\" class=\"anwalt-full img\"><p class=\"name\">Axel M\u00fcller-Eising (Partner)<\/p><\/a><\/div><div class=\"item\"><a href=\"https:\/\/mystifying-jones.92-205-104-36.plesk.page\/es\/abogados\/carsten-lorenz\/\"><img src=\"https:\/\/mystifying-jones.92-205-104-36.plesk.page\/wp-content\/uploads\/2020\/08\/lorenz-c-0563-h-thumb-1.jpg\" alt=\"G\u00f6hmann Anwalt Carsten  Lorenz\" class=\"anwalt-full img\"><p class=\"name\">Carsten  Lorenz (Partner)<\/p><\/a><\/div><div class=\"item\"><a href=\"https:\/\/mystifying-jones.92-205-104-36.plesk.page\/es\/abogados\/ulrich-v-jeinsen\/\"><img src=\"https:\/\/mystifying-jones.92-205-104-36.plesk.page\/wp-content\/uploads\/2020\/08\/jeinsen-0380-h-thumb-1.jpg\" alt=\"G\u00f6hmann Anwalt Ulrich  Jeinsen\" class=\"anwalt-full img\"><p class=\"name\">Prof. Dr. Ulrich  Jeinsen (Partner)<\/p><\/a><\/div><div class=\"item\"><a href=\"https:\/\/mystifying-jones.92-205-104-36.plesk.page\/es\/abogados\/peter-hoh-malewski\/\"><img src=\"https:\/\/mystifying-jones.92-205-104-36.plesk.page\/wp-content\/uploads\/2020\/08\/hoh-malewski-8027-ffm-thumb-1.jpg\" alt=\"G\u00f6hmann Anwalt Peter  Hoh-Malewski\" class=\"anwalt-full img\"><p class=\"name\">Dr. Peter  Hoh-Malewski (Partner)<\/p><\/a><\/div><div class=\"item\"><a href=\"https:\/\/mystifying-jones.92-205-104-36.plesk.page\/es\/abogados\/ilka-heigl\/\"><img src=\"https:\/\/mystifying-jones.92-205-104-36.plesk.page\/wp-content\/uploads\/2020\/08\/heigl-9539-ffm-thumb-2-1.jpg\" alt=\"G\u00f6hmann Anwalt Ilka  Heigl\" class=\"anwalt-full img\"><p class=\"name\">Dr. Ilka  Heigl (Partnerin)<\/p><\/a><\/div><div class=\"item\"><a href=\"https:\/\/mystifying-jones.92-205-104-36.plesk.page\/es\/abogados\/ulrich-haupt\/\"><img src=\"https:\/\/mystifying-jones.92-205-104-36.plesk.page\/wp-content\/uploads\/2020\/08\/haupt-ulrich-0638-h-thumb-1.jpg\" alt=\"G\u00f6hmann Anwalt Ulrich  Haupt\" class=\"anwalt-full img\"><p class=\"name\">Dr. Ulrich  Haupt (Partner)<\/p><\/a><\/div><div class=\"item\"><a href=\"https:\/\/mystifying-jones.92-205-104-36.plesk.page\/es\/abogados\/florian-hartl\/\"><img src=\"https:\/\/mystifying-jones.92-205-104-36.plesk.page\/wp-content\/uploads\/2020\/08\/hartl-0216-h-thumb-1.jpg\" alt=\"G\u00f6hmann Anwalt Florian  Hartl\" class=\"anwalt-full img\"><p class=\"name\">Dr. Florian  Hartl LL.M. (Partner)<\/p><\/a><\/div><div class=\"item\"><a href=\"https:\/\/mystifying-jones.92-205-104-36.plesk.page\/es\/abogados\/holger-haas\/\"><img src=\"https:\/\/mystifying-jones.92-205-104-36.plesk.page\/wp-content\/uploads\/2020\/08\/haas-h-8205-ffm-thumb-1.jpg\" alt=\"G\u00f6hmann Anwalt Holger  Haas\" class=\"anwalt-full img\"><p class=\"name\">Dr. Holger  Haas (Partner)<\/p><\/a><\/div><div class=\"item\"><a href=\"https:\/\/mystifying-jones.92-205-104-36.plesk.page\/es\/abogados\/corinna-neumann\/\"><img src=\"https:\/\/mystifying-jones.92-205-104-36.plesk.page\/wp-content\/uploads\/2020\/08\/Neumann-Fr-650x600-72dpi-1.jpg\" alt=\"G\u00f6hmann Anwalt Corinna  Neumann\" class=\"anwalt-full img\"><p class=\"name\">Dr. Corinna  Neumann (Partnerin)<\/p><\/a><\/div><div class=\"item\"><a href=\"https:\/\/mystifying-jones.92-205-104-36.plesk.page\/es\/abogados\/raimund-mehwald-hoffmann\/\"><img src=\"https:\/\/mystifying-jones.92-205-104-36.plesk.page\/wp-content\/uploads\/2020\/08\/mehwald-hb-thumb-1.jpg\" alt=\"G\u00f6hmann Anwalt Raimund Mehwald-Hoffmann\" class=\"anwalt-full img\"><p class=\"name\">Raimund Mehwald-Hoffmann (Partner)<\/p><\/a><\/div><\/div>[\/et_pb_text][\/et_pb_column][\/et_pb_row][\/et_pb_section]<\/p>\n","protected":false},"excerpt":{"rendered":"<p>Dicho y Hecho. Asistencia notarial para juntas generales \u2013 La experiencia vale la pena.Mandatos exigentes. Soluciones eficaces. Con un total de 20 notarios en cuatro emplazamientos en la Rep\u00fablica Federal podemos hacernos cargo de los deseos de nuestros clientes de forma flexible y r\u00e1pida. Junto a la cl\u00e1sica certificaci\u00f3n de contratos de compraventa y de [&hellip;]<\/p>\n","protected":false},"author":1,"featured_media":0,"parent":0,"menu_order":0,"comment_status":"closed","ping_status":"closed","template":"","meta":{"_et_pb_use_builder":"on","_et_pb_old_content":"","_et_gb_content_width":""},"yoast_head":"<!-- This site is optimized with the Yoast SEO plugin v18.0 - https:\/\/yoast.com\/wordpress\/plugins\/seo\/ -->\n<title>Notarios G\u00f6hmann | Soporte sensible para mandatos complejos<\/title>\n<meta name=\"description\" content=\"Nuestros notarios te apoyan y atienden con los m\u00e1s variados tipos de mandatos y servicios notariales. \u00a1P\u00f3ngase en contacto con nosotros hoy!\" \/>\n<meta name=\"robots\" content=\"noindex, follow, max-snippet:-1, max-image-preview:large, max-video-preview:-1\" \/>\n<meta property=\"og:locale\" content=\"es_ES\" \/>\n<meta property=\"og:type\" content=\"article\" \/>\n<meta property=\"og:title\" content=\"Notarios G\u00f6hmann | Soporte sensible para mandatos complejos\" \/>\n<meta property=\"og:description\" content=\"Nuestros notarios te apoyan y atienden con los m\u00e1s variados tipos de mandatos y servicios notariales. \u00a1P\u00f3ngase en contacto con nosotros hoy!\" \/>\n<meta property=\"og:url\" content=\"https:\/\/mystifying-jones.92-205-104-36.plesk.page\/es\/notarios\/\" \/>\n<meta property=\"og:site_name\" content=\"G\u00f6hmann\" \/>\n<meta property=\"article:modified_time\" content=\"2020-09-18T09:58:26+00:00\" \/>\n<meta name=\"twitter:card\" content=\"summary_large_image\" \/>\n<meta name=\"twitter:label1\" content=\"Tiempo de lectura\" \/>\n\t<meta name=\"twitter:data1\" content=\"1 minuto\" \/>\n<script type=\"application\/ld+json\" class=\"yoast-schema-graph\">{\"@context\":\"https:\/\/schema.org\",\"@graph\":[{\"@type\":\"WebSite\",\"@id\":\"https:\/\/mystifying-jones.92-205-104-36.plesk.page\/#website\",\"url\":\"https:\/\/mystifying-jones.92-205-104-36.plesk.page\/\",\"name\":\"G\u00f6hmann\",\"description\":\"Just another WordPress site\",\"potentialAction\":[{\"@type\":\"SearchAction\",\"target\":{\"@type\":\"EntryPoint\",\"urlTemplate\":\"https:\/\/mystifying-jones.92-205-104-36.plesk.page\/?s={search_term_string}\"},\"query-input\":\"required name=search_term_string\"}],\"inLanguage\":\"es\"},{\"@type\":\"WebPage\",\"@id\":\"https:\/\/mystifying-jones.92-205-104-36.plesk.page\/es\/notarios\/#webpage\",\"url\":\"https:\/\/mystifying-jones.92-205-104-36.plesk.page\/es\/notarios\/\",\"name\":\"Notarios G\u00f6hmann | Soporte sensible para mandatos complejos\",\"isPartOf\":{\"@id\":\"https:\/\/mystifying-jones.92-205-104-36.plesk.page\/#website\"},\"datePublished\":\"2020-08-04T12:48:56+00:00\",\"dateModified\":\"2020-09-18T09:58:26+00:00\",\"description\":\"Nuestros notarios te apoyan y atienden con los m\u00e1s variados tipos de mandatos y servicios notariales. \u00a1P\u00f3ngase en contacto con nosotros hoy!\",\"breadcrumb\":{\"@id\":\"https:\/\/mystifying-jones.92-205-104-36.plesk.page\/es\/notarios\/#breadcrumb\"},\"inLanguage\":\"es\",\"potentialAction\":[{\"@type\":\"ReadAction\",\"target\":[\"https:\/\/mystifying-jones.92-205-104-36.plesk.page\/es\/notarios\/\"]}]},{\"@type\":\"BreadcrumbList\",\"@id\":\"https:\/\/mystifying-jones.92-205-104-36.plesk.page\/es\/notarios\/#breadcrumb\",\"itemListElement\":[{\"@type\":\"ListItem\",\"position\":1,\"name\":\"Startseite\",\"item\":\"https:\/\/mystifying-jones.92-205-104-36.plesk.page\/es\/\"},{\"@type\":\"ListItem\",\"position\":2,\"name\":\"Notarios\"}]}]}<\/script>\n<!-- \/ Yoast SEO plugin. -->","yoast_head_json":{"title":"Notarios G\u00f6hmann | Soporte sensible para mandatos complejos","description":"Nuestros notarios te apoyan y atienden con los m\u00e1s variados tipos de mandatos y servicios notariales. \u00a1P\u00f3ngase en contacto con nosotros hoy!","robots":{"index":"noindex","follow":"follow","max-snippet":"max-snippet:-1","max-image-preview":"max-image-preview:large","max-video-preview":"max-video-preview:-1"},"og_locale":"es_ES","og_type":"article","og_title":"Notarios G\u00f6hmann | Soporte sensible para mandatos complejos","og_description":"Nuestros notarios te apoyan y atienden con los m\u00e1s variados tipos de mandatos y servicios notariales. \u00a1P\u00f3ngase en contacto con nosotros hoy!","og_url":"https:\/\/mystifying-jones.92-205-104-36.plesk.page\/es\/notarios\/","og_site_name":"G\u00f6hmann","article_modified_time":"2020-09-18T09:58:26+00:00","twitter_card":"summary_large_image","twitter_misc":{"Tiempo de lectura":"1 minuto"},"schema":{"@context":"https:\/\/schema.org","@graph":[{"@type":"WebSite","@id":"https:\/\/mystifying-jones.92-205-104-36.plesk.page\/#website","url":"https:\/\/mystifying-jones.92-205-104-36.plesk.page\/","name":"G\u00f6hmann","description":"Just another WordPress site","potentialAction":[{"@type":"SearchAction","target":{"@type":"EntryPoint","urlTemplate":"https:\/\/mystifying-jones.92-205-104-36.plesk.page\/?s={search_term_string}"},"query-input":"required name=search_term_string"}],"inLanguage":"es"},{"@type":"WebPage","@id":"https:\/\/mystifying-jones.92-205-104-36.plesk.page\/es\/notarios\/#webpage","url":"https:\/\/mystifying-jones.92-205-104-36.plesk.page\/es\/notarios\/","name":"Notarios G\u00f6hmann | Soporte sensible para mandatos complejos","isPartOf":{"@id":"https:\/\/mystifying-jones.92-205-104-36.plesk.page\/#website"},"datePublished":"2020-08-04T12:48:56+00:00","dateModified":"2020-09-18T09:58:26+00:00","description":"Nuestros notarios te apoyan y atienden con los m\u00e1s variados tipos de mandatos y servicios notariales. \u00a1P\u00f3ngase en contacto con nosotros hoy!","breadcrumb":{"@id":"https:\/\/mystifying-jones.92-205-104-36.plesk.page\/es\/notarios\/#breadcrumb"},"inLanguage":"es","potentialAction":[{"@type":"ReadAction","target":["https:\/\/mystifying-jones.92-205-104-36.plesk.page\/es\/notarios\/"]}]},{"@type":"BreadcrumbList","@id":"https:\/\/mystifying-jones.92-205-104-36.plesk.page\/es\/notarios\/#breadcrumb","itemListElement":[{"@type":"ListItem","position":1,"name":"Startseite","item":"https:\/\/mystifying-jones.92-205-104-36.plesk.page\/es\/"},{"@type":"ListItem","position":2,"name":"Notarios"}]}]}},"_links":{"self":[{"href":"https:\/\/mystifying-jones.92-205-104-36.plesk.page\/es\/wp-json\/wp\/v2\/pages\/219"}],"collection":[{"href":"https:\/\/mystifying-jones.92-205-104-36.plesk.page\/es\/wp-json\/wp\/v2\/pages"}],"about":[{"href":"https:\/\/mystifying-jones.92-205-104-36.plesk.page\/es\/wp-json\/wp\/v2\/types\/page"}],"author":[{"embeddable":true,"href":"https:\/\/mystifying-jones.92-205-104-36.plesk.page\/es\/wp-json\/wp\/v2\/users\/1"}],"replies":[{"embeddable":true,"href":"https:\/\/mystifying-jones.92-205-104-36.plesk.page\/es\/wp-json\/wp\/v2\/comments?post=219"}],"version-history":[{"count":10,"href":"https:\/\/mystifying-jones.92-205-104-36.plesk.page\/es\/wp-json\/wp\/v2\/pages\/219\/revisions"}],"predecessor-version":[{"id":2416,"href":"https:\/\/mystifying-jones.92-205-104-36.plesk.page\/es\/wp-json\/wp\/v2\/pages\/219\/revisions\/2416"}],"wp:attachment":[{"href":"https:\/\/mystifying-jones.92-205-104-36.plesk.page\/es\/wp-json\/wp\/v2\/media?parent=219"}],"curies":[{"name":"wp","href":"https:\/\/api.w.org\/{rel}","templated":true}]}}