{"id":168,"date":"2020-06-23T16:09:42","date_gmt":"2020-06-23T14:09:42","guid":{"rendered":"https:\/\/mystifying-jones.92-205-104-36.plesk.page\/startseite\/"},"modified":"2020-12-02T17:25:46","modified_gmt":"2020-12-02T16:25:46","slug":"startseite","status":"publish","type":"page","link":"https:\/\/mystifying-jones.92-205-104-36.plesk.page\/es\/","title":{"rendered":"Startseite"},"content":{"rendered":"<p>[et_pb_section fb_built=\u00bb1&#8243; fullwidth=\u00bbon\u00bb module_class=\u00bbheaderbild\u00bb _builder_version=\u00bb4.5.2&#8243; _module_preset=\u00bbdefault\u00bb][et_pb_fullwidth_slider show_pagination=\u00bboff\u00bb show_content_on_mobile=\u00bboff\u00bb _builder_version=\u00bb4.6.1&#8243; _module_preset=\u00bbdefault\u00bb hover_transition_speed_curve=\u00bbease-in-out\u00bb custom_css_slide_button=\u00bbheight: calc(100vh &#8211; 100px);\u00bb][et_pb_slide _builder_version=\u00bb4.6.1&#8243; _module_preset=\u00bbdefault\u00bb background_image=\u00bbhttps:\/\/mystifying-jones.92-205-104-36.plesk.page\/wp-content\/uploads\/2020\/08\/goehmann-header04.jpg\u00bb background_enable_image=\u00bbon\u00bb sticky_transition=\u00bbon\u00bb]<\/p>\n<p id=\"tw-target-text\" class=\"tw-data-text tw-text-large XcVN5d tw-ta\" dir=\"ltr\" data-placeholder=\"\u00dcbersetzung\">Las medianas empresas tienen un instinto de calidad.<\/p>\n<p>[\/et_pb_slide][et_pb_slide _builder_version=\u00bb4.6.1&#8243; _module_preset=\u00bbdefault\u00bb background_image=\u00bbhttps:\/\/mystifying-jones.92-205-104-36.plesk.page\/wp-content\/uploads\/2020\/08\/goehmann-header03-1.jpg\u00bb background_enable_image=\u00bbon\u00bb sticky_transition=\u00bbon\u00bb]Excelentemente.Protegidos.[\/et_pb_slide][et_pb_slide _builder_version=\u00bb4.6.1&#8243; _module_preset=\u00bbdefault\u00bb background_image=\u00bbhttps:\/\/mystifying-jones.92-205-104-36.plesk.page\/wp-content\/uploads\/2020\/08\/goehmann-header07.jpg\u00bb background_enable_image=\u00bbon\u00bb sticky_transition=\u00bbon\u00bb]Gesti\u00f3n de riesgos y resoluci\u00f3n de conflictos \u2013 abordando fr\u00edamente los temas candentes.[\/et_pb_slide][et_pb_slide _builder_version=\u00bb4.6.1&#8243; _module_preset=\u00bbdefault\u00bb background_image=\u00bbhttps:\/\/mystifying-jones.92-205-104-36.plesk.page\/wp-content\/uploads\/2020\/08\/goehmann-header02.jpg\u00bb background_enable_image=\u00bbon\u00bb sticky_transition=\u00bbon\u00bb]Cuidado, contagioso: la mentalidad empresarial lleva al \u00e9xito del mandato.[\/et_pb_slide][et_pb_slide _builder_version=\u00bb4.6.1&#8243; _module_preset=\u00bbdefault\u00bb background_image=\u00bbhttps:\/\/mystifying-jones.92-205-104-36.plesk.page\/wp-content\/uploads\/2020\/08\/goehmann-header01.jpg\u00bb background_enable_image=\u00bbon\u00bb sticky_transition=\u00bbon\u00bb]Puede confiar en nuestra red internacional incluso para misiones delicadas.[\/et_pb_slide][\/et_pb_fullwidth_slider][\/et_pb_section][et_pb_section fb_built=\u00bb1&#8243; _builder_version=\u00bb4.6.1&#8243; custom_margin=\u00bb50px||||false|false\u00bb custom_padding=\u00bb0px||||false|false\u00bb][et_pb_row _builder_version=\u00bb4.4.8&#8243;][et_pb_column type=\u00bb4_4&#8243; _builder_version=\u00bb4.4.8&#8243;][et_pb_text _builder_version=\u00bb4.5.2&#8243; _module_preset=\u00bbdefault\u00bb]<\/p>\n<h1>Socios fuertes. Dondequiera que sea.<\/h1>\n<p>[\/et_pb_text][et_pb_text _builder_version=\u00bb4.5.2&#8243; _module_preset=\u00bbdefault\u00bb]Nos consideramos un bufete de Derecho econ\u00f3mico que busca soluciones. Con m\u00e1s de 80 abogados y notarios especializados estamos ubicados en siete emplazamientos. Representamos a clientes en el \u00e1mbito regional, nacional e internacional en todos los campos del Derecho econ\u00f3mico. Nuestros servicios incluyen el asesoramiento jur\u00eddico, la representaci\u00f3n ante los tribunales y la asistencia notarial.<\/p>\n<p>La base del \u00e9xito de nuestros servicios es la cooperaci\u00f3n de plena confianza y personal entre abogado, notario y cliente. Damos gran importancia a la comunicaci\u00f3n clara e inteligible y a la asistencia individualizada de nuestros clientes. Las crecientes exigencias de calidad las afrontamos con compromiso, eficiencia y orient\u00e1ndonos a encontrar soluciones. Como miembro de la Allianz Globalaw, actuamos en una de las redes de abogados m\u00e1s grandes del mundo.<\/p>\n<p><strong>Dicho y hecho. G\u00f6hmann.<\/strong>[\/et_pb_text][\/et_pb_column][\/et_pb_row][\/et_pb_section][et_pb_section fb_built=\u00bb1&#8243; _builder_version=\u00bb4.6.1&#8243; background_color=\u00bb#e3e3e3&#8243; custom_margin=\u00bb0px||||false|false\u00bb custom_padding=\u00bb50px||65px||false|false\u00bb][et_pb_row _builder_version=\u00bb4.5.2&#8243; _module_preset=\u00bbdefault\u00bb][et_pb_column type=\u00bb4_4&#8243; _builder_version=\u00bb4.5.2&#8243; _module_preset=\u00bbdefault\u00bb][et_pb_text _builder_version=\u00bb4.5.2&#8243; _module_preset=\u00bbdefault\u00bb]<div id=\"lawyer-search\"><h2>B\u00fasqueda de Abogado<\/h2><form class=\"search-lawyer\" method=\"post\" action=\"\/es\/abogados\/#lawyer-search-jump\"><input id=\"anwalt\" type=\"text\" placeholder=\"Nombre\" class=\"input name\" value=\"\" name=\"anwaltname\"><select id=\"standort\" class=\"input select\" name=\"standort\"><option value=\"\" >Todos los emplazamientos<\/option><option value=\"1050\">Berl\u00edn<\/option><option value=\"1048\">Braunschweig<\/option><option value=\"1046\">Bremen<\/option><option value=\"1038\">Fr\u00e1ncfort del Meno<\/option><option value=\"1036\">Han\u00f3ver<\/option><option value=\"1034\">Magdeburgo<\/option><option value=\"1032\">Barcelona<\/option><\/select><select id=\"kompetenz\" class=\"input select\" name=\"kompetenz\"><option value=\"\">Nuestras competencias<\/option><option value=\"990\">Derecho agrario<\/option><option value=\"991\">Derecho antimonopolios<\/option><option value=\"992\">Derecho bancario y de supervisi\u00f3n\/financiamiento<\/option><option value=\"993\">Derecho de arquitectos<\/option><option value=\"994\">Derecho de contrataci\u00f3n<\/option><option value=\"995\">Derecho de la propiedad intelectual y la competencia<\/option><option value=\"996\">Derecho de medios y de autor, tecnolog\u00eda y comunicaci\u00f3n<\/option><option value=\"997\">Derecho de protecci\u00f3n de datos<\/option><option value=\"998\">Derecho de seguros y derecho de responsabilidad civil<\/option><option value=\"999\">Derecho de sociedades<\/option><option value=\"1000\">Derecho del arrendamiento comercial<\/option><option value=\"1001\">Derecho energ\u00e9tico<\/option><option value=\"1002\">Derecho espa\u00f1ol<\/option><option value=\"1003\">Derecho inmobiliario y de la construcci\u00f3n<\/option><option value=\"1010\">Derecho laboral<\/option><option value=\"1011\">Derecho m\u00e9dico<\/option><option value=\"1012\">Derecho sueco<\/option><option value=\"1013\">Derecho tributario<\/option><option value=\"1014\">Derecho tributario y econ\u00f3mico<\/option><option value=\"1015\">Derechos econ\u00f3mico internacional<\/option><option value=\"1016\">Distribuci\u00f3n \/ Comercio \/ Log\u00edstica<\/option><option value=\"1017\">Gu\u00eda de procesos, jurisdici\u00f3n arbitral, soluci\u00f3n de conflictos<\/option><option value=\"1018\">Insolvencia y reestructuraci\u00f3n<\/option><option value=\"1021\">Investigaci\u00f3n de cumplimento<\/option><option value=\"1022\">Ley de construcci\u00f3n y planificaci\u00f3n p\u00fablica<\/option><option value=\"1023\">Ley de servicio p\u00fablico<\/option><option value=\"1024\">Mergers & Acquisitions<\/option><option value=\"1025\">Private Equity & Venture Capital<\/option><option value=\"1026\">Sector p\u00fablico<\/option><option value=\"1027\">Servicios notariales<\/option><option value=\"1028\">Sucesi\u00f3n, fortuna, fundaciones, clientes privados<\/option><\/select><button type=\"submit\" >B\u00fasqueda<\/button><\/form><\/div>[\/et_pb_text][\/et_pb_column][\/et_pb_row][\/et_pb_section][et_pb_section fb_built=\u00bb1&#8243; _builder_version=\u00bb4.5.2&#8243; custom_margin=\u00bb0px||||false|false\u00bb custom_padding=\u00bb0px||||false|false\u00bb][et_pb_row column_structure=\u00bb1_4,1_4,1_4,1_4&#8243; disabled_on=\u00bbon|on|on\u00bb _builder_version=\u00bb4.5.2&#8243; disabled=\u00bbon\u00bb][et_pb_column type=\u00bb1_4&#8243; _builder_version=\u00bb4.4.8&#8243;][et_pb_text _builder_version=\u00bb4.5.2&#8243; _module_preset=\u00bbdefault\u00bb custom_padding=\u00bb|40px||||\u00bb]<\/p>\n<h2>News.<\/h2>\n<p>[\/et_pb_text][\/et_pb_column][et_pb_column type=\u00bb1_4&#8243; _builder_version=\u00bb4.4.8&#8243;][et_pb_text _builder_version=\u00bb4.5.2&#8243; _module_preset=\u00bbdefault\u00bb link_option_url=\u00bb Ahora. sigue leyendo.\u00bb]Lorem ipsum dolor sit amet, consetetur sadipscing elitr, sed diam nonumy eirmod tempor invidunt ut labore et dolore magna aliquyam erat, sed diam voluptua. At vero eos et accusam et justo duo dolores et ea rebum. Stet clita kasd gubergren, no sea takimata sanctus est Lorem ipsum dolor sit amet.[\/et_pb_text][et_pb_button button_text=\u00bb Ahora. sigue leyendo.\u00bb _builder_version=\u00bb4.5.2&#8243; _module_preset=\u00bbdefault\u00bb custom_button=\u00bbon\u00bb button_text_size=\u00bb11px\u00bb button_border_width=\u00bb0px\u00bb button_border_radius=\u00bb0px\u00bb][\/et_pb_button][\/et_pb_column][et_pb_column type=\u00bb1_4&#8243; _builder_version=\u00bb4.4.8&#8243;][et_pb_text _builder_version=\u00bb4.5.2&#8243; _module_preset=\u00bbdefault\u00bb]<\/p>\n<h2>Blog.<\/h2>\n<p>[\/et_pb_text][\/et_pb_column][et_pb_column type=\u00bb1_4&#8243; _builder_version=\u00bb4.4.8&#8243;][et_pb_text _builder_version=\u00bb4.5.2&#8243; _module_preset=\u00bbdefault\u00bb link_option_url=\u00bb Ahora. sigue leyendo.\u00bb]Lorem ipsum dolor sit amet, consetetur sadipscing elitr, sed diam nonumy eirmod tempor invidunt ut labore et dolore magna aliquyam erat, sed diam voluptua. At vero eos et accusam et justo duo dolores et ea rebum. Stet clita kasd gubergren, no sea takimata sanctus est Lorem ipsum dolor sit amet.[\/et_pb_text][et_pb_button button_text=\u00bb Ahora. sigue leyendo.\u00bb _builder_version=\u00bb4.5.2&#8243; _module_preset=\u00bbdefault\u00bb custom_button=\u00bbon\u00bb button_text_size=\u00bb11px\u00bb button_border_width=\u00bb0px\u00bb button_border_radius=\u00bb0px\u00bb][\/et_pb_button][\/et_pb_column][\/et_pb_row][et_pb_row column_structure=\u00bb1_4,1_4,1_4,1_4&#8243; disabled_on=\u00bbon|on|on\u00bb _builder_version=\u00bb4.5.2&#8243; disabled=\u00bbon\u00bb][et_pb_column type=\u00bb1_4&#8243; _builder_version=\u00bb4.4.8&#8243;][et_pb_text _builder_version=\u00bb4.5.2&#8243; _module_preset=\u00bbdefault\u00bb custom_padding=\u00bb|40px||||\u00bb]<\/p>\n<h2>News.<\/h2>\n<p>[\/et_pb_text][\/et_pb_column][et_pb_column type=\u00bb1_4&#8243; _builder_version=\u00bb4.4.8&#8243;][et_pb_text _builder_version=\u00bb4.5.2&#8243; _module_preset=\u00bbdefault\u00bb link_option_url=\u00bb Ahora. sigue leyendo.\u00bb]Lorem ipsum dolor sit amet, consetetur sadipscing elitr, sed diam nonumy eirmod tempor invidunt ut labore et dolore magna aliquyam erat, sed diam voluptua. At vero eos et accusam et justo duo dolores et ea rebum. Stet clita kasd gubergren, no sea takimata sanctus est Lorem ipsum dolor sit amet.[\/et_pb_text][et_pb_button button_text=\u00bb Ahora. sigue leyendo.\u00bb _builder_version=\u00bb4.5.2&#8243; _module_preset=\u00bbdefault\u00bb custom_button=\u00bbon\u00bb button_text_size=\u00bb11px\u00bb button_border_width=\u00bb0px\u00bb button_border_radius=\u00bb0px\u00bb][\/et_pb_button][\/et_pb_column][et_pb_column type=\u00bb1_4&#8243; _builder_version=\u00bb4.4.8&#8243;][et_pb_text _builder_version=\u00bb4.5.2&#8243; _module_preset=\u00bbdefault\u00bb]<\/p>\n<h2>Blog.<\/h2>\n<p>[\/et_pb_text][\/et_pb_column][et_pb_column type=\u00bb1_4&#8243; _builder_version=\u00bb4.4.8&#8243;][et_pb_text _builder_version=\u00bb4.5.2&#8243; _module_preset=\u00bbdefault\u00bb link_option_url=\u00bb Ahora. sigue leyendo.\u00bb]Lorem ipsum dolor sit amet, consetetur sadipscing elitr, sed diam nonumy eirmod tempor invidunt ut labore et dolore magna aliquyam erat, sed diam voluptua. At vero eos et accusam et justo duo dolores et ea rebum. Stet clita kasd gubergren, no sea takimata sanctus est Lorem ipsum dolor sit amet.[\/et_pb_text][et_pb_button button_text=\u00bb Ahora. sigue leyendo.\u00bb _builder_version=\u00bb4.5.2&#8243; _module_preset=\u00bbdefault\u00bb custom_button=\u00bbon\u00bb button_text_size=\u00bb11px\u00bb button_border_width=\u00bb0px\u00bb button_border_radius=\u00bb0px\u00bb][\/et_pb_button][\/et_pb_column][\/et_pb_row][et_pb_row _builder_version=\u00bb4.5.2&#8243; _module_preset=\u00bbdefault\u00bb][et_pb_column type=\u00bb4_4&#8243; _builder_version=\u00bb4.5.2&#8243; _module_preset=\u00bbdefault\u00bb][et_pb_code _builder_version=\u00bb4.6.1&#8243; _module_preset=\u00bbdefault\u00bb hover_enabled=\u00bb0&#8243; sticky_enabled=\u00bb0&#8243;]<div class=\"job-teaser news-teaser\"><div class=\"item\" onclick=\"window.location = 'https:\/\/mystifying-jones.92-205-104-36.plesk.page\/aktuelles\/veroeffentlichungshinweis-prof-dr-martin-notthoff-die-haftung-der-versicherungsvermittler-unter-besonderer-beruecksichtigung-der-versicherungsmakler-und-die-corona-pandemie-im-bereich-versicherung\/'\" style=\"cursor: pointer;\"><div class=\"left\"><p>Noticias.<\/p><\/div><div class=\"right\"><p class=\"name\"><a href=\"https:\/\/mystifying-jones.92-205-104-36.plesk.page\/aktuelles\/veroeffentlichungshinweis-prof-dr-martin-notthoff-die-haftung-der-versicherungsvermittler-unter-besonderer-beruecksichtigung-der-versicherungsmakler-und-die-corona-pandemie-im-bereich-versicherung\/\">Ver\u00f6ffentlichungshinweis: Prof. Dr. Martin Notthoff, Die Haftung der Versicherungsvermittler unter besonderer Ber\u00fccksichtigung der Versicherungsmakler und die Corona-Pandemie im Bereich Versicherungs- und Haftpflichtrecht<\/a><\/p><p>Der Rechtsanwalt und Notar, Fachanwalt f\u00fcr Versicherungsrecht, Prof. Dr. Martin Notthoff hat einen Zeitschriftenbeitrag zu dem Thema der Haftung der Versicherungsvermittler unter besonderer Ber\u00fccksi ...<\/p><a href=\"https:\/\/mystifying-jones.92-205-104-36.plesk.page\/aktuelles\/veroeffentlichungshinweis-prof-dr-martin-notthoff-die-haftung-der-versicherungsvermittler-unter-besonderer-beruecksichtigung-der-versicherungsmakler-und-die-corona-pandemie-im-bereich-versicherung\/\" >Ahora. Sigue leyendo.<\/a><\/div><\/div><div class=\"item\" onclick=\"window.open('https:\/\/www.ipit-blog.de\/', '_blank').focus()\" style=\"cursor: pointer;\"><div class=\"left\"><p>Blog.<\/p><\/div><div class=\"right\"><p class=\"name\"><a href=\"https:\/\/www.ipit-blog.de\/\">IP \/ IT Blog<\/a><\/p><p><\/p><a href=\"https:\/\/www.ipit-blog.de\/\" target='_blank'>Ahora. Sigue leyendo.<\/a><\/div><\/div><\/div>[\/et_pb_code][\/et_pb_column][\/et_pb_row][\/et_pb_section][et_pb_section fb_built=\u00bb1&#8243; _builder_version=\u00bb4.6.1&#8243; background_color=\u00bb#d0e4e7&#8243; custom_margin=\u00bb0px||||false|false\u00bb custom_padding=\u00bb0px||0px||false|false\u00bb][et_pb_row _builder_version=\u00bb4.6.1&#8243; _module_preset=\u00bbdefault\u00bb background_color=\u00bb#d0e4e7&#8243; custom_padding=\u00bb0px||0px||false|false\u00bb][et_pb_column type=\u00bb4_4&#8243; _builder_version=\u00bb4.5.2&#8243; _module_preset=\u00bbdefault\u00bb][et_pb_code _builder_version=\u00bb4.6.1&#8243; _module_preset=\u00bbdefault\u00bb custom_margin=\u00bb|auto||auto|false|false\u00bb]<div class=\"standorteuebersicht\"><div class=\"standort-item\"><a href=\"https:\/\/mystifying-jones.92-205-104-36.plesk.page\/es\/emplazamientos\/berlin\/\"><img src=\"\/wp-content\/uploads\/2020\/08\/berlin-icon-1.svg\" alt=\"Icon Standort Berl\u00edn G\u00f6hmann\"><br><p>Berl\u00edn<\/p><\/a><\/div><div class=\"standort-item\"><a href=\"https:\/\/mystifying-jones.92-205-104-36.plesk.page\/es\/emplazamientos\/braunschweig\/\"><img src=\"\/wp-content\/uploads\/2020\/08\/braunschweig-icon-1.svg\" alt=\"Icon Standort Braunschweig G\u00f6hmann\"><br><p>Braunschweig<\/p><\/a><\/div><div class=\"standort-item\"><a href=\"https:\/\/mystifying-jones.92-205-104-36.plesk.page\/es\/emplazamientos\/bremen\/\"><img src=\"\/wp-content\/uploads\/2020\/08\/bremen-icon.svg\" alt=\"Icon Standort Bremen G\u00f6hmann\"><br><p>Bremen<\/p><\/a><\/div><div class=\"standort-item\"><a href=\"https:\/\/mystifying-jones.92-205-104-36.plesk.page\/es\/emplazamientos\/francfort-del-meno\/\"><img src=\"\/wp-content\/uploads\/2020\/08\/frankfurt-icon.svg\" alt=\"Icon Standort Fr\u00e1ncfort del Meno G\u00f6hmann\"><br><p>Fr\u00e1ncfort del Meno<\/p><\/a><\/div><div class=\"standort-item\"><a href=\"https:\/\/mystifying-jones.92-205-104-36.plesk.page\/es\/emplazamientos\/hanover\/\"><img src=\"\/wp-content\/uploads\/2020\/08\/hannover-icon.svg\" alt=\"Icon Standort Han\u00f3ver G\u00f6hmann\"><br><p>Han\u00f3ver<\/p><\/a><\/div><div class=\"standort-item\"><a href=\"https:\/\/mystifying-jones.92-205-104-36.plesk.page\/es\/emplazamientos\/magdeburgo\/\"><img src=\"\/wp-content\/uploads\/2020\/08\/magdeburg-icon.svg\" alt=\"Icon Standort Magdeburgo G\u00f6hmann\"><br><p>Magdeburgo<\/p><\/a><\/div><div class=\"standort-item\"><a href=\"https:\/\/mystifying-jones.92-205-104-36.plesk.page\/es\/emplazamientos\/barcelona\/\"><img src=\"\/wp-content\/uploads\/2020\/08\/barcelona-icon.svg\" alt=\"Icon Standort Barcelona G\u00f6hmann\"><br><p>Barcelona<\/p><\/a><\/div><div class=\"standort-item kontakt\"><a href=\"\/es\/contacto\/\"><img src=\"\/wp-content\/uploads\/2020\/08\/kontakt-icon.svg\" alt=\"Icon Kontakt G\u00f6hmann\"><br><p>Contacto<\/p><\/a><\/div><\/div>[\/et_pb_code][\/et_pb_column][\/et_pb_row][\/et_pb_section][et_pb_section fb_built=\u00bb1&#8243; _builder_version=\u00bb4.5.2&#8243; custom_margin=\u00bb0px||||false|false\u00bb custom_padding=\u00bb0px||||false|false\u00bb][et_pb_row _builder_version=\u00bb4.5.2&#8243; _module_preset=\u00bbdefault\u00bb][et_pb_column type=\u00bb4_4&#8243; _builder_version=\u00bb4.5.2&#8243; _module_preset=\u00bbdefault\u00bb][et_pb_text _builder_version=\u00bb4.5.2&#8243; _module_preset=\u00bbdefault\u00bb]<div class=\"job-teaser\"><\/div>[\/et_pb_text][\/et_pb_column][\/et_pb_row][\/et_pb_section]<\/p>\n","protected":false},"excerpt":{"rendered":"<p>Las medianas empresas tienen un instinto de calidad.Excelentemente.Protegidos.Gesti\u00f3n de riesgos y resoluci\u00f3n de conflictos \u2013 abordando fr\u00edamente los temas candentes.Cuidado, contagioso: la mentalidad empresarial lleva al \u00e9xito del mandato.Puede confiar en nuestra red internacional incluso para misiones delicadas.Socios fuertes. Dondequiera que sea.Nos consideramos un bufete de Derecho econ\u00f3mico que busca soluciones. Con m\u00e1s de 80 [&hellip;]<\/p>\n","protected":false},"author":1,"featured_media":0,"parent":0,"menu_order":0,"comment_status":"closed","ping_status":"closed","template":"","meta":{"_et_pb_use_builder":"on","_et_pb_old_content":"","_et_gb_content_width":""},"yoast_head":"<!-- This site is optimized with the Yoast SEO plugin v18.0 - https:\/\/yoast.com\/wordpress\/plugins\/seo\/ -->\n<title>G\u00f6hmann | Abogados y Notarios | Tu representaci\u00f3n legal<\/title>\n<meta name=\"description\" content=\"G\u00f6hmann Abogados y notarios con nuestros socios s\u00f3lidos, estamos representados en m\u00e1s de 7 ubicaciones para defender su protecci\u00f3n legal.\" \/>\n<meta name=\"robots\" content=\"noindex, follow, max-snippet:-1, max-image-preview:large, max-video-preview:-1\" \/>\n<meta property=\"og:locale\" content=\"es_ES\" \/>\n<meta property=\"og:type\" content=\"article\" \/>\n<meta property=\"og:title\" content=\"G\u00f6hmann | Abogados y Notarios | Tu representaci\u00f3n legal\" \/>\n<meta property=\"og:description\" content=\"G\u00f6hmann Abogados y notarios con nuestros socios s\u00f3lidos, estamos representados en m\u00e1s de 7 ubicaciones para defender su protecci\u00f3n legal.\" \/>\n<meta property=\"og:url\" content=\"https:\/\/mystifying-jones.92-205-104-36.plesk.page\/es\/\" \/>\n<meta property=\"og:site_name\" content=\"G\u00f6hmann\" \/>\n<meta property=\"article:modified_time\" content=\"2020-12-02T16:25:46+00:00\" \/>\n<meta name=\"twitter:card\" content=\"summary_large_image\" \/>\n<meta name=\"twitter:label1\" content=\"Tiempo de lectura\" \/>\n\t<meta name=\"twitter:data1\" content=\"6 minutos\" \/>\n<script type=\"application\/ld+json\" class=\"yoast-schema-graph\">{\"@context\":\"https:\/\/schema.org\",\"@graph\":[{\"@type\":\"WebSite\",\"@id\":\"https:\/\/mystifying-jones.92-205-104-36.plesk.page\/#website\",\"url\":\"https:\/\/mystifying-jones.92-205-104-36.plesk.page\/\",\"name\":\"G\u00f6hmann\",\"description\":\"Just another WordPress site\",\"potentialAction\":[{\"@type\":\"SearchAction\",\"target\":{\"@type\":\"EntryPoint\",\"urlTemplate\":\"https:\/\/mystifying-jones.92-205-104-36.plesk.page\/?s={search_term_string}\"},\"query-input\":\"required name=search_term_string\"}],\"inLanguage\":\"es\"},{\"@type\":\"WebPage\",\"@id\":\"https:\/\/mystifying-jones.92-205-104-36.plesk.page\/es\/#webpage\",\"url\":\"https:\/\/mystifying-jones.92-205-104-36.plesk.page\/es\/\",\"name\":\"G\u00f6hmann | Abogados y Notarios | Tu representaci\u00f3n legal\",\"isPartOf\":{\"@id\":\"https:\/\/mystifying-jones.92-205-104-36.plesk.page\/#website\"},\"datePublished\":\"2020-06-23T14:09:42+00:00\",\"dateModified\":\"2020-12-02T16:25:46+00:00\",\"description\":\"G\u00f6hmann Abogados y notarios con nuestros socios s\u00f3lidos, estamos representados en m\u00e1s de 7 ubicaciones para defender su protecci\u00f3n legal.\",\"breadcrumb\":{\"@id\":\"https:\/\/mystifying-jones.92-205-104-36.plesk.page\/es\/#breadcrumb\"},\"inLanguage\":\"es\",\"potentialAction\":[{\"@type\":\"ReadAction\",\"target\":[\"https:\/\/mystifying-jones.92-205-104-36.plesk.page\/es\/\"]}]},{\"@type\":\"BreadcrumbList\",\"@id\":\"https:\/\/mystifying-jones.92-205-104-36.plesk.page\/es\/#breadcrumb\",\"itemListElement\":[{\"@type\":\"ListItem\",\"position\":1,\"name\":\"Startseite\",\"item\":\"https:\/\/mystifying-jones.92-205-104-36.plesk.page\/es\/\"},{\"@type\":\"ListItem\",\"position\":2,\"name\":\"Startseite\"}]}]}<\/script>\n<!-- \/ Yoast SEO plugin. -->","yoast_head_json":{"title":"G\u00f6hmann | Abogados y Notarios | Tu representaci\u00f3n legal","description":"G\u00f6hmann Abogados y notarios con nuestros socios s\u00f3lidos, estamos representados en m\u00e1s de 7 ubicaciones para defender su protecci\u00f3n legal.","robots":{"index":"noindex","follow":"follow","max-snippet":"max-snippet:-1","max-image-preview":"max-image-preview:large","max-video-preview":"max-video-preview:-1"},"og_locale":"es_ES","og_type":"article","og_title":"G\u00f6hmann | Abogados y Notarios | Tu representaci\u00f3n legal","og_description":"G\u00f6hmann Abogados y notarios con nuestros socios s\u00f3lidos, estamos representados en m\u00e1s de 7 ubicaciones para defender su protecci\u00f3n legal.","og_url":"https:\/\/mystifying-jones.92-205-104-36.plesk.page\/es\/","og_site_name":"G\u00f6hmann","article_modified_time":"2020-12-02T16:25:46+00:00","twitter_card":"summary_large_image","twitter_misc":{"Tiempo de lectura":"6 minutos"},"schema":{"@context":"https:\/\/schema.org","@graph":[{"@type":"WebSite","@id":"https:\/\/mystifying-jones.92-205-104-36.plesk.page\/#website","url":"https:\/\/mystifying-jones.92-205-104-36.plesk.page\/","name":"G\u00f6hmann","description":"Just another WordPress site","potentialAction":[{"@type":"SearchAction","target":{"@type":"EntryPoint","urlTemplate":"https:\/\/mystifying-jones.92-205-104-36.plesk.page\/?s={search_term_string}"},"query-input":"required name=search_term_string"}],"inLanguage":"es"},{"@type":"WebPage","@id":"https:\/\/mystifying-jones.92-205-104-36.plesk.page\/es\/#webpage","url":"https:\/\/mystifying-jones.92-205-104-36.plesk.page\/es\/","name":"G\u00f6hmann | Abogados y Notarios | Tu representaci\u00f3n legal","isPartOf":{"@id":"https:\/\/mystifying-jones.92-205-104-36.plesk.page\/#website"},"datePublished":"2020-06-23T14:09:42+00:00","dateModified":"2020-12-02T16:25:46+00:00","description":"G\u00f6hmann Abogados y notarios con nuestros socios s\u00f3lidos, estamos representados en m\u00e1s de 7 ubicaciones para defender su protecci\u00f3n legal.","breadcrumb":{"@id":"https:\/\/mystifying-jones.92-205-104-36.plesk.page\/es\/#breadcrumb"},"inLanguage":"es","potentialAction":[{"@type":"ReadAction","target":["https:\/\/mystifying-jones.92-205-104-36.plesk.page\/es\/"]}]},{"@type":"BreadcrumbList","@id":"https:\/\/mystifying-jones.92-205-104-36.plesk.page\/es\/#breadcrumb","itemListElement":[{"@type":"ListItem","position":1,"name":"Startseite","item":"https:\/\/mystifying-jones.92-205-104-36.plesk.page\/es\/"},{"@type":"ListItem","position":2,"name":"Startseite"}]}]}},"_links":{"self":[{"href":"https:\/\/mystifying-jones.92-205-104-36.plesk.page\/es\/wp-json\/wp\/v2\/pages\/168"}],"collection":[{"href":"https:\/\/mystifying-jones.92-205-104-36.plesk.page\/es\/wp-json\/wp\/v2\/pages"}],"about":[{"href":"https:\/\/mystifying-jones.92-205-104-36.plesk.page\/es\/wp-json\/wp\/v2\/types\/page"}],"author":[{"embeddable":true,"href":"https:\/\/mystifying-jones.92-205-104-36.plesk.page\/es\/wp-json\/wp\/v2\/users\/1"}],"replies":[{"embeddable":true,"href":"https:\/\/mystifying-jones.92-205-104-36.plesk.page\/es\/wp-json\/wp\/v2\/comments?post=168"}],"version-history":[{"count":10,"href":"https:\/\/mystifying-jones.92-205-104-36.plesk.page\/es\/wp-json\/wp\/v2\/pages\/168\/revisions"}],"predecessor-version":[{"id":2941,"href":"https:\/\/mystifying-jones.92-205-104-36.plesk.page\/es\/wp-json\/wp\/v2\/pages\/168\/revisions\/2941"}],"wp:attachment":[{"href":"https:\/\/mystifying-jones.92-205-104-36.plesk.page\/es\/wp-json\/wp\/v2\/media?parent=168"}],"curies":[{"name":"wp","href":"https:\/\/api.w.org\/{rel}","templated":true}]}}