{"id":1269,"date":"2020-08-24T15:47:06","date_gmt":"2020-08-24T13:47:06","guid":{"rendered":"https:\/\/mystifying-jones.92-205-104-36.plesk.page\/oferta-de-empleo\/"},"modified":"2020-10-01T19:22:32","modified_gmt":"2020-10-01T17:22:32","slug":"oferta-de-empleo","status":"publish","type":"page","link":"https:\/\/mystifying-jones.92-205-104-36.plesk.page\/es\/oferta-de-empleo\/","title":{"rendered":"Oferta de empleo"},"content":{"rendered":"<p>[et_pb_section fb_built=\u00bb1&#8243; module_class=\u00bbheaderbild\u00bb _builder_version=\u00bb4.6.1&#8243; _module_preset=\u00bbdefault\u00bb background_image=\u00bbhttps:\/\/mystifying-jones.92-205-104-36.plesk.page\/wp-content\/uploads\/2020\/08\/goehmann-karriere.jpg\u00bb custom_padding=\u00bb||200px||false|false\u00bb custom_css_main_element=\u00bbbackground-position-y: 70%;\u00bb][et_pb_row _builder_version=\u00bb4.5.2&#8243; _module_preset=\u00bbdefault\u00bb][et_pb_column type=\u00bb4_4&#8243; _builder_version=\u00bb4.5.2&#8243; _module_preset=\u00bbdefault\u00bb][et_pb_divider show_divider=\u00bboff\u00bb _builder_version=\u00bb4.5.2&#8243; _module_preset=\u00bbdefault\u00bb height=\u00bb150px\u00bb][\/et_pb_divider][et_pb_text _builder_version=\u00bb4.5.2&#8243; _module_preset=\u00bbdefault\u00bb]Buen comienzo.[\/et_pb_text][et_pb_divider show_divider=\u00bboff\u00bb _builder_version=\u00bb4.5.2&#8243; _module_preset=\u00bbdefault\u00bb height=\u00bb50px\u00bb][\/et_pb_divider][\/et_pb_column][\/et_pb_row][\/et_pb_section][et_pb_section fb_built=\u00bb1&#8243; _builder_version=\u00bb4.5.2&#8243; _module_preset=\u00bbdefault\u00bb][et_pb_row _builder_version=\u00bb4.5.2&#8243; _module_preset=\u00bbdefault\u00bb][et_pb_column type=\u00bb4_4&#8243; _builder_version=\u00bb4.5.2&#8243; _module_preset=\u00bbdefault\u00bb][et_pb_text _builder_version=\u00bb4.6.1&#8243; _module_preset=\u00bbdefault\u00bb custom_padding=\u00bb||50px||false|false\u00bb]<\/p>\n<h1 style=\"text-align: center;\">Stellenanzeigen<\/h1>\n<p>[\/et_pb_text][et_pb_text _builder_version=\u00bb4.6.1&#8243; _module_preset=\u00bbdefault\u00bb]<\/p>\n<div id=\"lawyer-search\"><h2>B\u00fasqueda de Trabajo<\/h2><form class=\"search-lawyer\" method=\"post\" action=\"\/es\/oferta-de-empleo\/\"><input id=\"job\" type=\"text\" placeholder=\"T\u00edtulo profesional\" class=\"input name\" value=\"\" name=\"jobname\"><select id=\"standort\" class=\"input select\" name=\"standort\"><option value=\"\">Todos los emplazamientos<\/option><option value=\"476\">Barcelona<\/option><option value=\"470\">Berl\u00edn<\/option><option value=\"471\">Braunschweig<\/option><option value=\"472\">Bremen<\/option><option value=\"473\">Fr\u00e1ncfort del Meno<\/option><option value=\"474\">Han\u00f3ver<\/option><option value=\"475\">Magdeburgo<\/option><\/select><select id=\"kompetenz\" class=\"input select\" name=\"kompetenz\"><option value=\"\">Nuestras competencias<\/option><option value=\"439\">Derecho agrario<\/option><option value=\"453\">Derecho antimonopolios<\/option><option value=\"442\">Derecho bancario y de supervisi\u00f3n\/financiamiento<\/option><option value=\"441\">Derecho de arquitectos<\/option><option value=\"466\">Derecho de contrataci\u00f3n<\/option><option value=\"452\">Derecho de la propiedad intelectual y la competencia<\/option><option value=\"454\">Derecho de medios y de autor, tecnolog\u00eda y comunicaci\u00f3n<\/option><option value=\"445\">Derecho de protecci\u00f3n de datos<\/option><option value=\"467\">Derecho de seguros y derecho de responsabilidad civil<\/option><option value=\"447\">Derecho de sociedades<\/option><option value=\"448\">Derecho del arrendamiento comercial<\/option><option value=\"446\">Derecho energ\u00e9tico<\/option><option value=\"464\">Derecho espa\u00f1ol<\/option><option value=\"449\">Derecho inmobiliario y de la construcci\u00f3n<\/option><option value=\"440\">Derecho laboral<\/option><option value=\"455\">Derecho m\u00e9dico<\/option><option value=\"463\">Derecho sueco<\/option><option value=\"465\">Derecho tributario<\/option><option value=\"469\">Derecho tributario y econ\u00f3mico<\/option><option value=\"451\">Derechos econ\u00f3mico internacional<\/option><option value=\"468\">Distribuci\u00f3n \/ Comercio \/ Log\u00edstica<\/option><option value=\"462\">Gu\u00eda de procesos, jurisdici\u00f3n arbitral, soluci\u00f3n de conflictos<\/option><option value=\"450\">Insolvencia y reestructuraci\u00f3n<\/option><option value=\"444\">Investigaci\u00f3n de cumplimento<\/option><option value=\"459\">Ley de construcci\u00f3n y planificaci\u00f3n p\u00fablica<\/option><option value=\"460\">Ley de servicio p\u00fablico<\/option><option value=\"477\">Mergers & Acquisitions<\/option><option value=\"461\">Private Equity & Venture Capital<\/option><option value=\"458\">Sector p\u00fablico<\/option><option value=\"457\">Servicios notariales<\/option><option value=\"456\">Sucesi\u00f3n, fortuna, fundaciones, clientes privados<\/option><\/select><button type=\"submit\">B\u00fasqueda<\/button><\/form><\/div><br><br><div class=\"job-teaser\"><p class=\"notfound hinweis\">No se encontraron resultados<\/p><p class=\"notfound hinweiszusatz\">Alle Stellenangebote:<\/p><\/div>\n<p>[\/et_pb_text][\/et_pb_column][\/et_pb_row][\/et_pb_section]<\/p>\n","protected":false},"excerpt":{"rendered":"<p>Buen comienzo.Stellenanzeigen<div id=\"lawyer-search\"><h2>B\u00fasqueda de Trabajo<\/h2><form class=\"search-lawyer\" method=\"post\" action=\"\/es\/oferta-de-empleo\/\"><input id=\"job\" type=\"text\" placeholder=\"T\u00edtulo profesional\" class=\"input name\" value=\"\" name=\"jobname\"><select id=\"standort\" class=\"input select\" name=\"standort\"><option value=\"\">Todos los emplazamientos<\/option><option value=\"476\">Barcelona<\/option><option value=\"470\">Berl\u00edn<\/option><option value=\"471\">Braunschweig<\/option><option value=\"472\">Bremen<\/option><option value=\"473\">Fr\u00e1ncfort del Meno<\/option><option value=\"474\">Han\u00f3ver<\/option><option value=\"475\">Magdeburgo<\/option><\/select><select id=\"kompetenz\" class=\"input select\" name=\"kompetenz\"><option value=\"\">Nuestras competencias<\/option><option value=\"439\">Derecho agrario<\/option><option value=\"453\">Derecho antimonopolios<\/option><option value=\"442\">Derecho bancario y de supervisi\u00f3n\/financiamiento<\/option><option value=\"441\">Derecho de arquitectos<\/option><option value=\"466\">Derecho de contrataci\u00f3n<\/option><option value=\"452\">Derecho de la propiedad intelectual y la competencia<\/option><option value=\"454\">Derecho de medios y de autor, tecnolog\u00eda y comunicaci\u00f3n<\/option><option value=\"445\">Derecho de protecci\u00f3n de datos<\/option><option value=\"467\">Derecho de seguros y derecho de responsabilidad civil<\/option><option value=\"447\">Derecho de sociedades<\/option><option value=\"448\">Derecho del arrendamiento comercial<\/option><option value=\"446\">Derecho energ\u00e9tico<\/option><option value=\"464\">Derecho espa\u00f1ol<\/option><option value=\"449\">Derecho inmobiliario y de la construcci\u00f3n<\/option><option value=\"440\">Derecho laboral<\/option><option value=\"455\">Derecho m\u00e9dico<\/option><option value=\"463\">Derecho sueco<\/option><option value=\"465\">Derecho tributario<\/option><option value=\"469\">Derecho tributario y econ\u00f3mico<\/option><option value=\"451\">Derechos econ\u00f3mico internacional<\/option><option value=\"468\">Distribuci\u00f3n \/ Comercio \/ Log\u00edstica<\/option><option value=\"462\">Gu\u00eda de procesos, jurisdici\u00f3n arbitral, soluci\u00f3n de conflictos<\/option><option value=\"450\">Insolvencia y reestructuraci\u00f3n<\/option><option value=\"444\">Investigaci\u00f3n de cumplimento<\/option><option value=\"459\">Ley de construcci\u00f3n y planificaci\u00f3n p\u00fablica<\/option><option value=\"460\">Ley de servicio p\u00fablico<\/option><option value=\"477\">Mergers & Acquisitions<\/option><option value=\"461\">Private Equity & Venture Capital<\/option><option value=\"458\">Sector p\u00fablico<\/option><option value=\"457\">Servicios notariales<\/option><option value=\"456\">Sucesi\u00f3n, fortuna, fundaciones, clientes privados<\/option><\/select><button type=\"submit\">B\u00fasqueda<\/button><\/form><\/div><br><br><div class=\"job-teaser\"><p class=\"notfound hinweis\">No se encontraron resultados<\/p><p class=\"notfound hinweiszusatz\">Alle Stellenangebote:<\/p><\/div><\/p>\n","protected":false},"author":1,"featured_media":0,"parent":0,"menu_order":0,"comment_status":"closed","ping_status":"closed","template":"","meta":{"_et_pb_use_builder":"on","_et_pb_old_content":"","_et_gb_content_width":""},"yoast_head":"<!-- This site is optimized with the Yoast SEO plugin v18.0 - https:\/\/yoast.com\/wordpress\/plugins\/seo\/ -->\n<title>Anuncios de empleo para abogados y notarios | \u00a1Aplicar aqu\u00ed!<\/title>\n<meta name=\"description\" content=\"Est\u00e1 buscando trabajo como abogado o notario. \u00a1Entonces aplique hoy para una de nuestras vacantes anunciadas!\" \/>\n<meta name=\"robots\" content=\"noindex, follow, max-snippet:-1, max-image-preview:large, max-video-preview:-1\" \/>\n<meta property=\"og:locale\" content=\"es_ES\" \/>\n<meta property=\"og:type\" content=\"article\" \/>\n<meta property=\"og:title\" content=\"Anuncios de empleo para abogados y notarios | \u00a1Aplicar aqu\u00ed!\" \/>\n<meta property=\"og:description\" content=\"Est\u00e1 buscando trabajo como abogado o notario. \u00a1Entonces aplique hoy para una de nuestras vacantes anunciadas!\" \/>\n<meta property=\"og:url\" content=\"https:\/\/mystifying-jones.92-205-104-36.plesk.page\/es\/oferta-de-empleo\/\" \/>\n<meta property=\"og:site_name\" content=\"G\u00f6hmann\" \/>\n<meta property=\"article:modified_time\" content=\"2020-10-01T17:22:32+00:00\" \/>\n<meta name=\"twitter:card\" content=\"summary_large_image\" \/>\n<meta name=\"twitter:label1\" content=\"Tiempo de lectura\" \/>\n\t<meta name=\"twitter:data1\" content=\"1 minuto\" \/>\n<script type=\"application\/ld+json\" class=\"yoast-schema-graph\">{\"@context\":\"https:\/\/schema.org\",\"@graph\":[{\"@type\":\"WebSite\",\"@id\":\"https:\/\/mystifying-jones.92-205-104-36.plesk.page\/#website\",\"url\":\"https:\/\/mystifying-jones.92-205-104-36.plesk.page\/\",\"name\":\"G\u00f6hmann\",\"description\":\"Just another WordPress site\",\"potentialAction\":[{\"@type\":\"SearchAction\",\"target\":{\"@type\":\"EntryPoint\",\"urlTemplate\":\"https:\/\/mystifying-jones.92-205-104-36.plesk.page\/?s={search_term_string}\"},\"query-input\":\"required name=search_term_string\"}],\"inLanguage\":\"es\"},{\"@type\":\"WebPage\",\"@id\":\"https:\/\/mystifying-jones.92-205-104-36.plesk.page\/es\/oferta-de-empleo\/#webpage\",\"url\":\"https:\/\/mystifying-jones.92-205-104-36.plesk.page\/es\/oferta-de-empleo\/\",\"name\":\"Anuncios de empleo para abogados y notarios | \u00a1Aplicar aqu\u00ed!\",\"isPartOf\":{\"@id\":\"https:\/\/mystifying-jones.92-205-104-36.plesk.page\/#website\"},\"datePublished\":\"2020-08-24T13:47:06+00:00\",\"dateModified\":\"2020-10-01T17:22:32+00:00\",\"description\":\"Est\u00e1 buscando trabajo como abogado o notario. \u00a1Entonces aplique hoy para una de nuestras vacantes anunciadas!\",\"breadcrumb\":{\"@id\":\"https:\/\/mystifying-jones.92-205-104-36.plesk.page\/es\/oferta-de-empleo\/#breadcrumb\"},\"inLanguage\":\"es\",\"potentialAction\":[{\"@type\":\"ReadAction\",\"target\":[\"https:\/\/mystifying-jones.92-205-104-36.plesk.page\/es\/oferta-de-empleo\/\"]}]},{\"@type\":\"BreadcrumbList\",\"@id\":\"https:\/\/mystifying-jones.92-205-104-36.plesk.page\/es\/oferta-de-empleo\/#breadcrumb\",\"itemListElement\":[{\"@type\":\"ListItem\",\"position\":1,\"name\":\"Startseite\",\"item\":\"https:\/\/mystifying-jones.92-205-104-36.plesk.page\/es\/\"},{\"@type\":\"ListItem\",\"position\":2,\"name\":\"Oferta de empleo\"}]}]}<\/script>\n<!-- \/ Yoast SEO plugin. -->","yoast_head_json":{"title":"Anuncios de empleo para abogados y notarios | \u00a1Aplicar aqu\u00ed!","description":"Est\u00e1 buscando trabajo como abogado o notario. \u00a1Entonces aplique hoy para una de nuestras vacantes anunciadas!","robots":{"index":"noindex","follow":"follow","max-snippet":"max-snippet:-1","max-image-preview":"max-image-preview:large","max-video-preview":"max-video-preview:-1"},"og_locale":"es_ES","og_type":"article","og_title":"Anuncios de empleo para abogados y notarios | \u00a1Aplicar aqu\u00ed!","og_description":"Est\u00e1 buscando trabajo como abogado o notario. \u00a1Entonces aplique hoy para una de nuestras vacantes anunciadas!","og_url":"https:\/\/mystifying-jones.92-205-104-36.plesk.page\/es\/oferta-de-empleo\/","og_site_name":"G\u00f6hmann","article_modified_time":"2020-10-01T17:22:32+00:00","twitter_card":"summary_large_image","twitter_misc":{"Tiempo de lectura":"1 minuto"},"schema":{"@context":"https:\/\/schema.org","@graph":[{"@type":"WebSite","@id":"https:\/\/mystifying-jones.92-205-104-36.plesk.page\/#website","url":"https:\/\/mystifying-jones.92-205-104-36.plesk.page\/","name":"G\u00f6hmann","description":"Just another WordPress site","potentialAction":[{"@type":"SearchAction","target":{"@type":"EntryPoint","urlTemplate":"https:\/\/mystifying-jones.92-205-104-36.plesk.page\/?s={search_term_string}"},"query-input":"required name=search_term_string"}],"inLanguage":"es"},{"@type":"WebPage","@id":"https:\/\/mystifying-jones.92-205-104-36.plesk.page\/es\/oferta-de-empleo\/#webpage","url":"https:\/\/mystifying-jones.92-205-104-36.plesk.page\/es\/oferta-de-empleo\/","name":"Anuncios de empleo para abogados y notarios | \u00a1Aplicar aqu\u00ed!","isPartOf":{"@id":"https:\/\/mystifying-jones.92-205-104-36.plesk.page\/#website"},"datePublished":"2020-08-24T13:47:06+00:00","dateModified":"2020-10-01T17:22:32+00:00","description":"Est\u00e1 buscando trabajo como abogado o notario. \u00a1Entonces aplique hoy para una de nuestras vacantes anunciadas!","breadcrumb":{"@id":"https:\/\/mystifying-jones.92-205-104-36.plesk.page\/es\/oferta-de-empleo\/#breadcrumb"},"inLanguage":"es","potentialAction":[{"@type":"ReadAction","target":["https:\/\/mystifying-jones.92-205-104-36.plesk.page\/es\/oferta-de-empleo\/"]}]},{"@type":"BreadcrumbList","@id":"https:\/\/mystifying-jones.92-205-104-36.plesk.page\/es\/oferta-de-empleo\/#breadcrumb","itemListElement":[{"@type":"ListItem","position":1,"name":"Startseite","item":"https:\/\/mystifying-jones.92-205-104-36.plesk.page\/es\/"},{"@type":"ListItem","position":2,"name":"Oferta de empleo"}]}]}},"_links":{"self":[{"href":"https:\/\/mystifying-jones.92-205-104-36.plesk.page\/es\/wp-json\/wp\/v2\/pages\/1269"}],"collection":[{"href":"https:\/\/mystifying-jones.92-205-104-36.plesk.page\/es\/wp-json\/wp\/v2\/pages"}],"about":[{"href":"https:\/\/mystifying-jones.92-205-104-36.plesk.page\/es\/wp-json\/wp\/v2\/types\/page"}],"author":[{"embeddable":true,"href":"https:\/\/mystifying-jones.92-205-104-36.plesk.page\/es\/wp-json\/wp\/v2\/users\/1"}],"replies":[{"embeddable":true,"href":"https:\/\/mystifying-jones.92-205-104-36.plesk.page\/es\/wp-json\/wp\/v2\/comments?post=1269"}],"version-history":[{"count":7,"href":"https:\/\/mystifying-jones.92-205-104-36.plesk.page\/es\/wp-json\/wp\/v2\/pages\/1269\/revisions"}],"predecessor-version":[{"id":2850,"href":"https:\/\/mystifying-jones.92-205-104-36.plesk.page\/es\/wp-json\/wp\/v2\/pages\/1269\/revisions\/2850"}],"wp:attachment":[{"href":"https:\/\/mystifying-jones.92-205-104-36.plesk.page\/es\/wp-json\/wp\/v2\/media?parent=1269"}],"curies":[{"name":"wp","href":"https:\/\/api.w.org\/{rel}","templated":true}]}}