{"id":1266,"date":"2020-08-24T15:27:27","date_gmt":"2020-08-24T13:27:27","guid":{"rendered":"https:\/\/mystifying-jones.92-205-104-36.plesk.page\/formacion-profesional\/"},"modified":"2020-12-02T17:02:11","modified_gmt":"2020-12-02T16:02:11","slug":"formacion-profesional","status":"publish","type":"page","link":"https:\/\/mystifying-jones.92-205-104-36.plesk.page\/es\/formacion-profesional\/","title":{"rendered":"Formaci\u00f3n profesional"},"content":{"rendered":"<p>[et_pb_section fb_built=\u00bb1&#8243; module_class=\u00bbheaderbild\u00bb _builder_version=\u00bb4.6.1&#8243; _module_preset=\u00bbdefault\u00bb background_image=\u00bbhttps:\/\/mystifying-jones.92-205-104-36.plesk.page\/wp-content\/uploads\/2020\/08\/goehmann-karriere.jpg\u00bb custom_padding=\u00bb||200px||false|false\u00bb custom_css_main_element=\u00bbbackground-position-y: 70%;\u00bb][et_pb_row _builder_version=\u00bb4.5.2&#8243; _module_preset=\u00bbdefault\u00bb][et_pb_column type=\u00bb4_4&#8243; _builder_version=\u00bb4.5.2&#8243; _module_preset=\u00bbdefault\u00bb][et_pb_divider show_divider=\u00bboff\u00bb _builder_version=\u00bb4.5.2&#8243; _module_preset=\u00bbdefault\u00bb height=\u00bb150px\u00bb][\/et_pb_divider][et_pb_text _builder_version=\u00bb4.5.2&#8243; _module_preset=\u00bbdefault\u00bb]Buen comienzo.[\/et_pb_text][et_pb_divider show_divider=\u00bboff\u00bb _builder_version=\u00bb4.5.2&#8243; _module_preset=\u00bbdefault\u00bb height=\u00bb50px\u00bb][\/et_pb_divider][\/et_pb_column][\/et_pb_row][\/et_pb_section][et_pb_section fb_built=\u00bb1&#8243; specialty=\u00bbon\u00bb _builder_version=\u00bb4.7.4&#8243; _module_preset=\u00bbdefault\u00bb][et_pb_column type=\u00bb3_4&#8243; specialty_columns=\u00bb3&#8243;][et_pb_row_inner _builder_version=\u00bb4.5.2&#8243; _module_preset=\u00bbdefault\u00bb][et_pb_column_inner _builder_version=\u00bb4.5.2&#8243; _module_preset=\u00bbdefault\u00bb saved_specialty_column_type=\u00bb3_4&#8243;][et_pb_text _builder_version=\u00bb4.6.1&#8243; _module_preset=\u00bbdefault\u00bb]<\/p>\n<h1>Queremos que Vd. crezca.<\/h1>\n<p>En G\u00d6HMANN le concedemos especial atenci\u00f3n al perfeccionamiento y a la formaci\u00f3n permanente. A nuestras colaboradoras y nuestros colaboradores les ofrecemos todas las posibilidades para que experimenten un saludable crecimiento. Su crecimiento es nuestra beneficio.<\/p>\n<p><strong>Bien desde el principio<\/strong><\/p>\n<p>Para nosotros es importante que Ud. tenga un buen comienzo con nosotros. Por eso, desde el principio le preparamos intensamente en nuestros establecimientos para su nueva tarea en G\u00d6HMANN. Adem\u00e1s de ello, en nuestros grupos de trabajo encontrar\u00e1, al mismo tiempo, el correcto interlocutor para su campo de actuaci\u00f3n jur\u00eddica.<\/p>\n<p><strong>Usted, en el centro<\/strong><\/p>\n<p>En G\u00d6HMANN usted se encuentra como persona integral en el centro de nuestra atenci\u00f3n. En di\u00e1logos abiertos queremos hablar sobre sus puntos fuertes y sus metas individuales. Por esta raz\u00f3n, a nuestras colaboradoras y colaboradores les ofrecemos un amplio programa de formaci\u00f3n permanente, para que as\u00ed puedan cualificarse de forma continua en su especialidad. Promovemos sus cualificaciones profesionales, por ejemplo, mediante una formaci\u00f3n para abogado especializados.<\/p>\n<p>Ofrecemos adem\u00e1s diversos seminarios y talleres de formaci\u00f3n personal. All\u00ed aprender\u00e1 nuevas habilidades y conocimientos y ampliar\u00e1 sus conocimientos y su saber hacer. Adem\u00e1s de esto, existe un coaching individual para hacer frente a tareas dif\u00edciles, resolver conflictos o para reforzar sus competencias de direcci\u00f3n. Junto a ello, cuenta con la posibilidad, de colaborar y ampliar su visi\u00f3n y aprender de otros sobre el terreno en otros emplazamientos o grupos de trabajo durante algunas semans.<\/p>\n<p><strong>Contacto:<\/strong><br \/>\nPor favor, enviar solicitudes por correo electr\u00f3nico a <a href=\"mailto:bewerbung@goehmann.de\">bewerbung@goehmann.de<\/a> o dir\u00edjase directamente a nuestros <a href=\"https:\/\/www.goehmann.de\/es\/emplazamientos\/\">establecimientos<\/a>.<\/p>\n<div id=\"node-22\" class=\"node node-page clearfix\">\n<div class=\"field field-name-body field-type-text-with-summary field-label-hidden\">\n<div class=\"field-items\">\n<div class=\"field-item even\"><\/div>\n<\/div>\n<\/div>\n<\/div>\n<div id=\"node-11\" class=\"node node-page clearfix\">\n<div class=\"field field-name-body field-type-text-with-summary field-label-hidden\">\n<div class=\"field-items\">\n<div class=\"field-item even\"><\/div>\n<\/div>\n<\/div>\n<\/div>\n<div id=\"node-14\" class=\"node node-page clearfix\">\n<div class=\"field field-name-body field-type-text-with-summary field-label-hidden\">\n<div class=\"field-items\">\n<div class=\"field-item even\"><\/div>\n<\/div>\n<\/div>\n<\/div>\n<p>[\/et_pb_text][\/et_pb_column_inner][\/et_pb_row_inner][\/et_pb_column][et_pb_column type=\u00bb1_4&#8243;][et_pb_code _builder_version=\u00bb4.7.4&#8243; _module_preset=\u00bbdefault\u00bb hover_enabled=\u00bb0&#8243; sticky_enabled=\u00bb0&#8243;]<div class=\"faq-teaser\"><h2>Preguntas m\u00e1s frecuentes<\/h2><\/div>[\/et_pb_code][\/et_pb_column][\/et_pb_section]<\/p>\n","protected":false},"excerpt":{"rendered":"<p>Buen comienzo.Queremos que Vd. crezca. En G\u00d6HMANN le concedemos especial atenci\u00f3n al perfeccionamiento y a la formaci\u00f3n permanente. A nuestras colaboradoras y nuestros colaboradores les ofrecemos todas las posibilidades para que experimenten un saludable crecimiento. Su crecimiento es nuestra beneficio. Bien desde el principio Para nosotros es importante que Ud. tenga un buen comienzo con [&hellip;]<\/p>\n","protected":false},"author":1,"featured_media":0,"parent":0,"menu_order":0,"comment_status":"closed","ping_status":"closed","template":"page-template-karriere.php","meta":{"_et_pb_use_builder":"on","_et_pb_old_content":"","_et_gb_content_width":""},"yoast_head":"<!-- This site is optimized with the Yoast SEO plugin v18.0 - https:\/\/yoast.com\/wordpress\/plugins\/seo\/ -->\n<title>Educaci\u00f3n y formaci\u00f3n de abogados | \u00a1Aplicar aqu\u00ed!<\/title>\n<meta name=\"description\" content=\"\u00bfQuieres formarte para convertirte en abogado especialista o realizar una formaci\u00f3n adicional en talleres? Te ofrecemos la posibilidad de hacerlo. \u00a1Aplica hoy!\" \/>\n<meta name=\"robots\" content=\"noindex, follow, max-snippet:-1, max-image-preview:large, max-video-preview:-1\" \/>\n<meta property=\"og:locale\" content=\"es_ES\" \/>\n<meta property=\"og:type\" content=\"article\" \/>\n<meta property=\"og:title\" content=\"Educaci\u00f3n y formaci\u00f3n de abogados | \u00a1Aplicar aqu\u00ed!\" \/>\n<meta property=\"og:description\" content=\"\u00bfQuieres formarte para convertirte en abogado especialista o realizar una formaci\u00f3n adicional en talleres? Te ofrecemos la posibilidad de hacerlo. \u00a1Aplica hoy!\" \/>\n<meta property=\"og:url\" content=\"https:\/\/mystifying-jones.92-205-104-36.plesk.page\/es\/formacion-profesional\/\" \/>\n<meta property=\"og:site_name\" content=\"G\u00f6hmann\" \/>\n<meta property=\"article:modified_time\" content=\"2020-12-02T16:02:11+00:00\" \/>\n<meta name=\"twitter:card\" content=\"summary_large_image\" \/>\n<meta name=\"twitter:label1\" content=\"Tiempo de lectura\" \/>\n\t<meta name=\"twitter:data1\" content=\"2 minutos\" \/>\n<script type=\"application\/ld+json\" class=\"yoast-schema-graph\">{\"@context\":\"https:\/\/schema.org\",\"@graph\":[{\"@type\":\"WebSite\",\"@id\":\"https:\/\/mystifying-jones.92-205-104-36.plesk.page\/#website\",\"url\":\"https:\/\/mystifying-jones.92-205-104-36.plesk.page\/\",\"name\":\"G\u00f6hmann\",\"description\":\"Just another WordPress site\",\"potentialAction\":[{\"@type\":\"SearchAction\",\"target\":{\"@type\":\"EntryPoint\",\"urlTemplate\":\"https:\/\/mystifying-jones.92-205-104-36.plesk.page\/?s={search_term_string}\"},\"query-input\":\"required name=search_term_string\"}],\"inLanguage\":\"es\"},{\"@type\":\"WebPage\",\"@id\":\"https:\/\/mystifying-jones.92-205-104-36.plesk.page\/es\/formacion-profesional\/#webpage\",\"url\":\"https:\/\/mystifying-jones.92-205-104-36.plesk.page\/es\/formacion-profesional\/\",\"name\":\"Educaci\u00f3n y formaci\u00f3n de abogados | \u00a1Aplicar aqu\u00ed!\",\"isPartOf\":{\"@id\":\"https:\/\/mystifying-jones.92-205-104-36.plesk.page\/#website\"},\"datePublished\":\"2020-08-24T13:27:27+00:00\",\"dateModified\":\"2020-12-02T16:02:11+00:00\",\"description\":\"\u00bfQuieres formarte para convertirte en abogado especialista o realizar una formaci\u00f3n adicional en talleres? Te ofrecemos la posibilidad de hacerlo. \u00a1Aplica hoy!\",\"breadcrumb\":{\"@id\":\"https:\/\/mystifying-jones.92-205-104-36.plesk.page\/es\/formacion-profesional\/#breadcrumb\"},\"inLanguage\":\"es\",\"potentialAction\":[{\"@type\":\"ReadAction\",\"target\":[\"https:\/\/mystifying-jones.92-205-104-36.plesk.page\/es\/formacion-profesional\/\"]}]},{\"@type\":\"BreadcrumbList\",\"@id\":\"https:\/\/mystifying-jones.92-205-104-36.plesk.page\/es\/formacion-profesional\/#breadcrumb\",\"itemListElement\":[{\"@type\":\"ListItem\",\"position\":1,\"name\":\"Startseite\",\"item\":\"https:\/\/mystifying-jones.92-205-104-36.plesk.page\/es\/\"},{\"@type\":\"ListItem\",\"position\":2,\"name\":\"Formaci\u00f3n profesional\"}]}]}<\/script>\n<!-- \/ Yoast SEO plugin. -->","yoast_head_json":{"title":"Educaci\u00f3n y formaci\u00f3n de abogados | \u00a1Aplicar aqu\u00ed!","description":"\u00bfQuieres formarte para convertirte en abogado especialista o realizar una formaci\u00f3n adicional en talleres? Te ofrecemos la posibilidad de hacerlo. \u00a1Aplica hoy!","robots":{"index":"noindex","follow":"follow","max-snippet":"max-snippet:-1","max-image-preview":"max-image-preview:large","max-video-preview":"max-video-preview:-1"},"og_locale":"es_ES","og_type":"article","og_title":"Educaci\u00f3n y formaci\u00f3n de abogados | \u00a1Aplicar aqu\u00ed!","og_description":"\u00bfQuieres formarte para convertirte en abogado especialista o realizar una formaci\u00f3n adicional en talleres? Te ofrecemos la posibilidad de hacerlo. \u00a1Aplica hoy!","og_url":"https:\/\/mystifying-jones.92-205-104-36.plesk.page\/es\/formacion-profesional\/","og_site_name":"G\u00f6hmann","article_modified_time":"2020-12-02T16:02:11+00:00","twitter_card":"summary_large_image","twitter_misc":{"Tiempo de lectura":"2 minutos"},"schema":{"@context":"https:\/\/schema.org","@graph":[{"@type":"WebSite","@id":"https:\/\/mystifying-jones.92-205-104-36.plesk.page\/#website","url":"https:\/\/mystifying-jones.92-205-104-36.plesk.page\/","name":"G\u00f6hmann","description":"Just another WordPress site","potentialAction":[{"@type":"SearchAction","target":{"@type":"EntryPoint","urlTemplate":"https:\/\/mystifying-jones.92-205-104-36.plesk.page\/?s={search_term_string}"},"query-input":"required name=search_term_string"}],"inLanguage":"es"},{"@type":"WebPage","@id":"https:\/\/mystifying-jones.92-205-104-36.plesk.page\/es\/formacion-profesional\/#webpage","url":"https:\/\/mystifying-jones.92-205-104-36.plesk.page\/es\/formacion-profesional\/","name":"Educaci\u00f3n y formaci\u00f3n de abogados | \u00a1Aplicar aqu\u00ed!","isPartOf":{"@id":"https:\/\/mystifying-jones.92-205-104-36.plesk.page\/#website"},"datePublished":"2020-08-24T13:27:27+00:00","dateModified":"2020-12-02T16:02:11+00:00","description":"\u00bfQuieres formarte para convertirte en abogado especialista o realizar una formaci\u00f3n adicional en talleres? Te ofrecemos la posibilidad de hacerlo. \u00a1Aplica hoy!","breadcrumb":{"@id":"https:\/\/mystifying-jones.92-205-104-36.plesk.page\/es\/formacion-profesional\/#breadcrumb"},"inLanguage":"es","potentialAction":[{"@type":"ReadAction","target":["https:\/\/mystifying-jones.92-205-104-36.plesk.page\/es\/formacion-profesional\/"]}]},{"@type":"BreadcrumbList","@id":"https:\/\/mystifying-jones.92-205-104-36.plesk.page\/es\/formacion-profesional\/#breadcrumb","itemListElement":[{"@type":"ListItem","position":1,"name":"Startseite","item":"https:\/\/mystifying-jones.92-205-104-36.plesk.page\/es\/"},{"@type":"ListItem","position":2,"name":"Formaci\u00f3n profesional"}]}]}},"_links":{"self":[{"href":"https:\/\/mystifying-jones.92-205-104-36.plesk.page\/es\/wp-json\/wp\/v2\/pages\/1266"}],"collection":[{"href":"https:\/\/mystifying-jones.92-205-104-36.plesk.page\/es\/wp-json\/wp\/v2\/pages"}],"about":[{"href":"https:\/\/mystifying-jones.92-205-104-36.plesk.page\/es\/wp-json\/wp\/v2\/types\/page"}],"author":[{"embeddable":true,"href":"https:\/\/mystifying-jones.92-205-104-36.plesk.page\/es\/wp-json\/wp\/v2\/users\/1"}],"replies":[{"embeddable":true,"href":"https:\/\/mystifying-jones.92-205-104-36.plesk.page\/es\/wp-json\/wp\/v2\/comments?post=1266"}],"version-history":[{"count":9,"href":"https:\/\/mystifying-jones.92-205-104-36.plesk.page\/es\/wp-json\/wp\/v2\/pages\/1266\/revisions"}],"predecessor-version":[{"id":2932,"href":"https:\/\/mystifying-jones.92-205-104-36.plesk.page\/es\/wp-json\/wp\/v2\/pages\/1266\/revisions\/2932"}],"wp:attachment":[{"href":"https:\/\/mystifying-jones.92-205-104-36.plesk.page\/es\/wp-json\/wp\/v2\/media?parent=1266"}],"curies":[{"name":"wp","href":"https:\/\/api.w.org\/{rel}","templated":true}]}}