{"id":1227,"date":"2020-08-24T13:21:27","date_gmt":"2020-08-24T11:21:27","guid":{"rendered":"https:\/\/mystifying-jones.92-205-104-36.plesk.page\/principios\/"},"modified":"2020-09-18T11:38:24","modified_gmt":"2020-09-18T09:38:24","slug":"principios","status":"publish","type":"page","link":"https:\/\/mystifying-jones.92-205-104-36.plesk.page\/es\/principios\/","title":{"rendered":"Principios"},"content":{"rendered":"<p>[et_pb_section fb_built=\u00bb1&#8243; admin_label=\u00bbSektion\u00bb module_class=\u00bbheaderbild\u00bb _builder_version=\u00bb4.5.2&#8243; _module_preset=\u00bbdefault\u00bb background_image=\u00bbhttps:\/\/mystifying-jones.92-205-104-36.plesk.page\/wp-content\/uploads\/2020\/08\/goehmann-kanzlei2-1.jpg\u00bb][et_pb_row _builder_version=\u00bb4.5.2&#8243; _module_preset=\u00bbdefault\u00bb][et_pb_column type=\u00bb4_4&#8243; _builder_version=\u00bb4.5.2&#8243; _module_preset=\u00bbdefault\u00bb][et_pb_divider show_divider=\u00bboff\u00bb _builder_version=\u00bb4.5.2&#8243; _module_preset=\u00bbdefault\u00bb height=\u00bb150px\u00bb][\/et_pb_divider][et_pb_text admin_label=\u00bbText\u00bb _builder_version=\u00bb4.5.2&#8243; _module_preset=\u00bbdefault\u00bb]Bien hecho.<\/p>\n<p>Las medianas empresas tienen un instinto de calidad.[\/et_pb_text][et_pb_divider show_divider=\u00bboff\u00bb _builder_version=\u00bb4.5.2&#8243; _module_preset=\u00bbdefault\u00bb height=\u00bb50px\u00bb][\/et_pb_divider][\/et_pb_column][\/et_pb_row][\/et_pb_section][et_pb_section fb_built=\u00bb1&#8243; _builder_version=\u00bb4.5.2&#8243; _module_preset=\u00bbdefault\u00bb][et_pb_row _builder_version=\u00bb4.5.2&#8243; _module_preset=\u00bbdefault\u00bb][et_pb_column type=\u00bb4_4&#8243; _builder_version=\u00bb4.5.2&#8243; _module_preset=\u00bbdefault\u00bb][et_pb_text _builder_version=\u00bb4.5.2&#8243; _module_preset=\u00bbdefault\u00bb]<\/p>\n<h1>El cliente en el centro.<\/h1>\n<p>El cliente ocupa el centro de nuestra atenci\u00f3n. Sus intereses, sus objetivos y su \u00e9xito priman por encima de todo. Sabemos muy bien que la elecci\u00f3n del abogado y del notario correcto es cuesti\u00f3n de confianza.<\/p>\n<p>Nos tomamos tiempo para Ud. y le prestamos atenci\u00f3n. El trato personal en igualdad de condiciones es la base de nuestra actuaci\u00f3n. Una comunicaci\u00f3n en t\u00e9rminos simples garantiza en todo momento la transparencia necesaria. Solo mediante la franqueza y la honestidad es posible obtener un resultado \u00f3ptimo en el asesoramiento. Le acompa\u00f1amos en las situaciones dif\u00edciles y estaremos a su lado con el consejo profesional necesario y recomendaciones concretas.<\/p>\n<p>Nuestro objetivo es representar sus intereses de forma \u00f3ptima. En el an\u00e1lisis de su demanda jur\u00eddica siempre incorporamos aspectos estrat\u00e9gicos, econ\u00f3micos y fiscales. Puede esperar de nosotros en todo mandato un an\u00e1lisis r\u00e1pido y claro y una evaluaci\u00f3n de riesgos responsable. Nuestro asesoramiento est\u00e1 orientado a evitar en lo posible procesos de altos gastos, de tiempo y dinero.<\/p>\n<p>Mediante una gesti\u00f3n eficiente de todos los emplazamientos de nuestra Sociedad, sentamos la base \u00f3ptima para cumplir las tareas encomendadas con la m\u00e1xima calidad de asesoramiento, flexibilidad y transparencia de costes.<\/p>\n<p><strong>Socios fuertes. Dondequiera que est\u00e9.<\/strong>[\/et_pb_text][\/et_pb_column][\/et_pb_row][\/et_pb_section]<\/p>\n","protected":false},"excerpt":{"rendered":"<p>Bien hecho. Las medianas empresas tienen un instinto de calidad.El cliente en el centro. El cliente ocupa el centro de nuestra atenci\u00f3n. Sus intereses, sus objetivos y su \u00e9xito priman por encima de todo. Sabemos muy bien que la elecci\u00f3n del abogado y del notario correcto es cuesti\u00f3n de confianza. Nos tomamos tiempo para Ud. [&hellip;]<\/p>\n","protected":false},"author":1,"featured_media":0,"parent":0,"menu_order":0,"comment_status":"closed","ping_status":"closed","template":"","meta":{"_et_pb_use_builder":"on","_et_pb_old_content":"","_et_gb_content_width":""},"yoast_head":"<!-- This site is optimized with the Yoast SEO plugin v18.0 - https:\/\/yoast.com\/wordpress\/plugins\/seo\/ -->\n<title>Principios | Nuestros confiables servicios legales y notariales<\/title>\n<meta name=\"description\" content=\"Para poder asesorarle de forma fiable, garantizamos la m\u00e1xima calidad de asesoramiento, flexibilidad y transparencia de costes. \u00a1Concierte una cita hoy!\" \/>\n<meta name=\"robots\" content=\"noindex, follow, max-snippet:-1, max-image-preview:large, max-video-preview:-1\" \/>\n<meta property=\"og:locale\" content=\"es_ES\" \/>\n<meta property=\"og:type\" content=\"article\" \/>\n<meta property=\"og:title\" content=\"Principios | Nuestros confiables servicios legales y notariales\" \/>\n<meta property=\"og:description\" content=\"Para poder asesorarle de forma fiable, garantizamos la m\u00e1xima calidad de asesoramiento, flexibilidad y transparencia de costes. \u00a1Concierte una cita hoy!\" \/>\n<meta property=\"og:url\" content=\"https:\/\/mystifying-jones.92-205-104-36.plesk.page\/es\/principios\/\" \/>\n<meta property=\"og:site_name\" content=\"G\u00f6hmann\" \/>\n<meta property=\"article:modified_time\" content=\"2020-09-18T09:38:24+00:00\" \/>\n<meta name=\"twitter:card\" content=\"summary_large_image\" \/>\n<meta name=\"twitter:label1\" content=\"Tiempo de lectura\" \/>\n\t<meta name=\"twitter:data1\" content=\"2 minutos\" \/>\n<script type=\"application\/ld+json\" class=\"yoast-schema-graph\">{\"@context\":\"https:\/\/schema.org\",\"@graph\":[{\"@type\":\"WebSite\",\"@id\":\"https:\/\/mystifying-jones.92-205-104-36.plesk.page\/#website\",\"url\":\"https:\/\/mystifying-jones.92-205-104-36.plesk.page\/\",\"name\":\"G\u00f6hmann\",\"description\":\"Just another WordPress site\",\"potentialAction\":[{\"@type\":\"SearchAction\",\"target\":{\"@type\":\"EntryPoint\",\"urlTemplate\":\"https:\/\/mystifying-jones.92-205-104-36.plesk.page\/?s={search_term_string}\"},\"query-input\":\"required name=search_term_string\"}],\"inLanguage\":\"es\"},{\"@type\":\"WebPage\",\"@id\":\"https:\/\/mystifying-jones.92-205-104-36.plesk.page\/es\/principios\/#webpage\",\"url\":\"https:\/\/mystifying-jones.92-205-104-36.plesk.page\/es\/principios\/\",\"name\":\"Principios | Nuestros confiables servicios legales y notariales\",\"isPartOf\":{\"@id\":\"https:\/\/mystifying-jones.92-205-104-36.plesk.page\/#website\"},\"datePublished\":\"2020-08-24T11:21:27+00:00\",\"dateModified\":\"2020-09-18T09:38:24+00:00\",\"description\":\"Para poder asesorarle de forma fiable, garantizamos la m\u00e1xima calidad de asesoramiento, flexibilidad y transparencia de costes. \u00a1Concierte una cita hoy!\",\"breadcrumb\":{\"@id\":\"https:\/\/mystifying-jones.92-205-104-36.plesk.page\/es\/principios\/#breadcrumb\"},\"inLanguage\":\"es\",\"potentialAction\":[{\"@type\":\"ReadAction\",\"target\":[\"https:\/\/mystifying-jones.92-205-104-36.plesk.page\/es\/principios\/\"]}]},{\"@type\":\"BreadcrumbList\",\"@id\":\"https:\/\/mystifying-jones.92-205-104-36.plesk.page\/es\/principios\/#breadcrumb\",\"itemListElement\":[{\"@type\":\"ListItem\",\"position\":1,\"name\":\"Startseite\",\"item\":\"https:\/\/mystifying-jones.92-205-104-36.plesk.page\/es\/\"},{\"@type\":\"ListItem\",\"position\":2,\"name\":\"Principios\"}]}]}<\/script>\n<!-- \/ Yoast SEO plugin. -->","yoast_head_json":{"title":"Principios | Nuestros confiables servicios legales y notariales","description":"Para poder asesorarle de forma fiable, garantizamos la m\u00e1xima calidad de asesoramiento, flexibilidad y transparencia de costes. \u00a1Concierte una cita hoy!","robots":{"index":"noindex","follow":"follow","max-snippet":"max-snippet:-1","max-image-preview":"max-image-preview:large","max-video-preview":"max-video-preview:-1"},"og_locale":"es_ES","og_type":"article","og_title":"Principios | Nuestros confiables servicios legales y notariales","og_description":"Para poder asesorarle de forma fiable, garantizamos la m\u00e1xima calidad de asesoramiento, flexibilidad y transparencia de costes. \u00a1Concierte una cita hoy!","og_url":"https:\/\/mystifying-jones.92-205-104-36.plesk.page\/es\/principios\/","og_site_name":"G\u00f6hmann","article_modified_time":"2020-09-18T09:38:24+00:00","twitter_card":"summary_large_image","twitter_misc":{"Tiempo de lectura":"2 minutos"},"schema":{"@context":"https:\/\/schema.org","@graph":[{"@type":"WebSite","@id":"https:\/\/mystifying-jones.92-205-104-36.plesk.page\/#website","url":"https:\/\/mystifying-jones.92-205-104-36.plesk.page\/","name":"G\u00f6hmann","description":"Just another WordPress site","potentialAction":[{"@type":"SearchAction","target":{"@type":"EntryPoint","urlTemplate":"https:\/\/mystifying-jones.92-205-104-36.plesk.page\/?s={search_term_string}"},"query-input":"required name=search_term_string"}],"inLanguage":"es"},{"@type":"WebPage","@id":"https:\/\/mystifying-jones.92-205-104-36.plesk.page\/es\/principios\/#webpage","url":"https:\/\/mystifying-jones.92-205-104-36.plesk.page\/es\/principios\/","name":"Principios | Nuestros confiables servicios legales y notariales","isPartOf":{"@id":"https:\/\/mystifying-jones.92-205-104-36.plesk.page\/#website"},"datePublished":"2020-08-24T11:21:27+00:00","dateModified":"2020-09-18T09:38:24+00:00","description":"Para poder asesorarle de forma fiable, garantizamos la m\u00e1xima calidad de asesoramiento, flexibilidad y transparencia de costes. \u00a1Concierte una cita hoy!","breadcrumb":{"@id":"https:\/\/mystifying-jones.92-205-104-36.plesk.page\/es\/principios\/#breadcrumb"},"inLanguage":"es","potentialAction":[{"@type":"ReadAction","target":["https:\/\/mystifying-jones.92-205-104-36.plesk.page\/es\/principios\/"]}]},{"@type":"BreadcrumbList","@id":"https:\/\/mystifying-jones.92-205-104-36.plesk.page\/es\/principios\/#breadcrumb","itemListElement":[{"@type":"ListItem","position":1,"name":"Startseite","item":"https:\/\/mystifying-jones.92-205-104-36.plesk.page\/es\/"},{"@type":"ListItem","position":2,"name":"Principios"}]}]}},"_links":{"self":[{"href":"https:\/\/mystifying-jones.92-205-104-36.plesk.page\/es\/wp-json\/wp\/v2\/pages\/1227"}],"collection":[{"href":"https:\/\/mystifying-jones.92-205-104-36.plesk.page\/es\/wp-json\/wp\/v2\/pages"}],"about":[{"href":"https:\/\/mystifying-jones.92-205-104-36.plesk.page\/es\/wp-json\/wp\/v2\/types\/page"}],"author":[{"embeddable":true,"href":"https:\/\/mystifying-jones.92-205-104-36.plesk.page\/es\/wp-json\/wp\/v2\/users\/1"}],"replies":[{"embeddable":true,"href":"https:\/\/mystifying-jones.92-205-104-36.plesk.page\/es\/wp-json\/wp\/v2\/comments?post=1227"}],"version-history":[{"count":2,"href":"https:\/\/mystifying-jones.92-205-104-36.plesk.page\/es\/wp-json\/wp\/v2\/pages\/1227\/revisions"}],"predecessor-version":[{"id":1229,"href":"https:\/\/mystifying-jones.92-205-104-36.plesk.page\/es\/wp-json\/wp\/v2\/pages\/1227\/revisions\/1229"}],"wp:attachment":[{"href":"https:\/\/mystifying-jones.92-205-104-36.plesk.page\/es\/wp-json\/wp\/v2\/media?parent=1227"}],"curies":[{"name":"wp","href":"https:\/\/api.w.org\/{rel}","templated":true}]}}